{"id":899,"date":"2020-06-08T08:54:06","date_gmt":"2020-06-08T08:54:06","guid":{"rendered":"https:\/\/qdp.es\/?page_id=899"},"modified":"2025-12-06T19:24:23","modified_gmt":"2025-12-06T19:24:23","slug":"modificadores-de-reologia","status":"publish","type":"page","link":"https:\/\/qdp.es\/en\/productos\/modificadores-de-reologia\/","title":{"rendered":"RHEOLOGY MODIFIERS"},"content":{"rendered":"<div data-elementor-type=\"wp-page\" data-elementor-id=\"899\" class=\"elementor elementor-899\">\n\t\t\t\t\t\t<section class=\"elementor-section elementor-top-section elementor-element elementor-element-6d64cded elementor-section-boxed elementor-section-height-default elementor-section-height-default\" data-id=\"6d64cded\" data-element_type=\"section\">\n\t\t\t\t\t\t<div class=\"elementor-container elementor-column-gap-default\">\n\t\t\t\t\t<div class=\"elementor-column elementor-col-100 elementor-top-column elementor-element elementor-element-501617f1\" data-id=\"501617f1\" data-element_type=\"column\">\n\t\t\t<div class=\"elementor-widget-wrap elementor-element-populated\">\n\t\t\t\t\t\t<div class=\"elementor-element elementor-element-70e696b0 e-grid-align-right e-grid-align-tablet-center elementor-shape-rounded elementor-grid-0 elementor-widget elementor-widget-social-icons\" data-id=\"70e696b0\" data-element_type=\"widget\" data-widget_type=\"social-icons.default\">\n\t\t\t\t<div class=\"elementor-widget-container\">\n\t\t\t\t\t<div class=\"elementor-social-icons-wrapper elementor-grid\">\n\t\t\t\t\t\t\t<span class=\"elementor-grid-item\">\n\t\t\t\t\t<a class=\"elementor-icon elementor-social-icon elementor-social-icon-facebook elementor-animation-grow elementor-repeater-item-f729d6f\" href=\"https:\/\/www.facebook.com\/profile.php?id=100007790017858&#038;lst=1536416550%3A100007790017858%3A1591523800&#038;sk=about\" target=\"_blank\">\n\t\t\t\t\t\t<span class=\"elementor-screen-only\">Facebook<\/span>\n\t\t\t\t\t\t<i class=\"fab fa-facebook\"><\/i>\t\t\t\t\t<\/a>\n\t\t\t\t<\/span>\n\t\t\t\t\t\t\t<span class=\"elementor-grid-item\">\n\t\t\t\t\t<a class=\"elementor-icon elementor-social-icon elementor-social-icon-linkedin elementor-animation-grow elementor-repeater-item-57efa30\" href=\"https:\/\/www.linkedin.com\/company\/quimica-de-los-pavimentos\" target=\"_blank\">\n\t\t\t\t\t\t<span class=\"elementor-screen-only\">Linkedin<\/span>\n\t\t\t\t\t\t<i class=\"fab fa-linkedin\"><\/i>\t\t\t\t\t<\/a>\n\t\t\t\t<\/span>\n\t\t\t\t\t<\/div>\n\t\t\t\t<\/div>\n\t\t\t\t<\/div>\n\t\t\t\t\t<\/div>\n\t\t<\/div>\n\t\t\t\t\t<\/div>\n\t\t<\/section>\n\t\t\t\t<section class=\"elementor-section elementor-top-section elementor-element elementor-element-55375ec9 elementor-section-full_width elementor-section-content-middle elementor-section-height-default elementor-section-height-default\" data-id=\"55375ec9\" data-element_type=\"section\">\n\t\t\t\t\t\t<div class=\"elementor-container elementor-column-gap-no\">\n\t\t\t\t\t<div class=\"elementor-column elementor-col-50 elementor-top-column elementor-element elementor-element-32723d73\" data-id=\"32723d73\" data-element_type=\"column\" data-settings=\"{&quot;background_background&quot;:&quot;classic&quot;}\">\n\t\t\t<div class=\"elementor-widget-wrap elementor-element-populated\">\n\t\t\t\t\t<div class=\"elementor-background-overlay\"><\/div>\n\t\t\t\t\t\t<div class=\"elementor-element elementor-element-46caf7fd elementor-widget elementor-widget-heading\" data-id=\"46caf7fd\" data-element_type=\"widget\" data-widget_type=\"heading.default\">\n\t\t\t\t<div class=\"elementor-widget-container\">\n\t\t\t<h4 class=\"elementor-heading-title elementor-size-default\">Rheology Modifiers<\/h4>\t\t<\/div>\n\t\t\t\t<\/div>\n\t\t\t\t\t<\/div>\n\t\t<\/div>\n\t\t\t\t<div class=\"elementor-column elementor-col-50 elementor-top-column elementor-element elementor-element-733c4347\" data-id=\"733c4347\" data-element_type=\"column\">\n\t\t\t<div class=\"elementor-widget-wrap elementor-element-populated\">\n\t\t\t\t\t\t<div class=\"elementor-element elementor-element-59970088 elementor-widget elementor-widget-text-editor\" data-id=\"59970088\" data-element_type=\"widget\" data-widget_type=\"text-editor.default\">\n\t\t\t\t<div class=\"elementor-widget-container\">\n\t\t\t\t\t\t\t<h2 style=\"text-align: left;\"><span style=\"text-decoration: underline; color: #008080;\"><strong>Rheology Modifiers<\/strong><\/span><\/h2><p>For some applications conventional bituminous binders do not have adequate properties to meet the desired requirements. In this case, the incorporation of certain additives that modify the rheological properties of the bitumen can help, improving certain characteristics.<\/p>\t\t\t\t\t\t<\/div>\n\t\t\t\t<\/div>\n\t\t\t\t\t<\/div>\n\t\t<\/div>\n\t\t\t\t\t<\/div>\n\t\t<\/section>\n\t\t\t\t<section class=\"elementor-section elementor-top-section elementor-element elementor-element-1efc95dd elementor-section-boxed elementor-section-height-default elementor-section-height-default\" data-id=\"1efc95dd\" data-element_type=\"section\">\n\t\t\t\t\t\t<div class=\"elementor-container elementor-column-gap-default\">\n\t\t\t\t\t<div class=\"elementor-column elementor-col-100 elementor-top-column elementor-element elementor-element-17778101\" data-id=\"17778101\" data-element_type=\"column\">\n\t\t\t<div class=\"elementor-widget-wrap elementor-element-populated\">\n\t\t\t\t\t\t<div class=\"elementor-element elementor-element-61b4e8d0 elementor-widget elementor-widget-heading\" data-id=\"61b4e8d0\" data-element_type=\"widget\" data-widget_type=\"heading.default\">\n\t\t\t\t<div class=\"elementor-widget-container\">\n\t\t\t<h2 class=\"elementor-heading-title elementor-size-default\">Rheology Modifiers<\/h2>\t\t<\/div>\n\t\t\t\t<\/div>\n\t\t\t\t\t<\/div>\n\t\t<\/div>\n\t\t\t\t\t<\/div>\n\t\t<\/section>\n\t\t\t\t<section class=\"elementor-section elementor-top-section elementor-element elementor-element-3437221d elementor-section-boxed elementor-section-height-default elementor-section-height-default\" data-id=\"3437221d\" data-element_type=\"section\">\n\t\t\t\t\t\t<div class=\"elementor-container elementor-column-gap-default\">\n\t\t\t\t\t<div class=\"elementor-column elementor-col-100 elementor-top-column elementor-element elementor-element-6a2b697c\" data-id=\"6a2b697c\" data-element_type=\"column\">\n\t\t\t<div class=\"elementor-widget-wrap elementor-element-populated\">\n\t\t\t\t\t\t<div class=\"elementor-element elementor-element-6a725936 elementor-widget elementor-widget-toggle\" data-id=\"6a725936\" data-element_type=\"widget\" data-widget_type=\"toggle.default\">\n\t\t\t\t<div class=\"elementor-widget-container\">\n\t\t\t\t\t<div class=\"elementor-toggle\">\n\t\t\t\t\t\t\t<div class=\"elementor-toggle-item\">\n\t\t\t\t\t<div id=\"elementor-tab-title-1781\" class=\"elementor-tab-title\" data-tab=\"1\" role=\"button\" aria-controls=\"elementor-tab-content-1781\" aria-expanded=\"false\">\n\t\t\t\t\t\t\t\t\t\t\t\t<span class=\"elementor-toggle-icon elementor-toggle-icon-left\" aria-hidden=\"true\">\n\t\t\t\t\t\t\t\t\t\t\t\t\t\t\t<span class=\"elementor-toggle-icon-closed\"><i class=\"fas fa-caret-right\"><\/i><\/span>\n\t\t\t\t\t\t\t\t<span class=\"elementor-toggle-icon-opened\"><i class=\"elementor-toggle-icon-opened fas fa-caret-up\"><\/i><\/span>\n\t\t\t\t\t\t\t\t\t\t\t\t\t<\/span>\n\t\t\t\t\t\t\t\t\t\t\t\t<a class=\"elementor-toggle-title\" tabindex=\"0\">POLYLATEX-B<\/a>\n\t\t\t\t\t<\/div>\n\n\t\t\t\t\t<div id=\"elementor-tab-content-1781\" class=\"elementor-tab-content elementor-clearfix\" data-tab=\"1\" role=\"region\" aria-labelledby=\"elementor-tab-title-1781\"><p class=\"translation-block\">POLYLATEX-B is a cationic dispersion of a styrene and butadiene copolymer, designed to manufacture cationic modified asphalt emulsions. It can be incorporated into the asphalt emulsion, by stirring or pumping. It should preferably be incorporated into the water prepared to make the emulsion.<\/p><\/div>\n\t\t\t\t<\/div>\n\t\t\t\t\t\t\t<div class=\"elementor-toggle-item\">\n\t\t\t\t\t<div id=\"elementor-tab-title-1782\" class=\"elementor-tab-title\" data-tab=\"2\" role=\"button\" aria-controls=\"elementor-tab-content-1782\" aria-expanded=\"false\">\n\t\t\t\t\t\t\t\t\t\t\t\t<span class=\"elementor-toggle-icon elementor-toggle-icon-left\" aria-hidden=\"true\">\n\t\t\t\t\t\t\t\t\t\t\t\t\t\t\t<span class=\"elementor-toggle-icon-closed\"><i class=\"fas fa-caret-right\"><\/i><\/span>\n\t\t\t\t\t\t\t\t<span class=\"elementor-toggle-icon-opened\"><i class=\"elementor-toggle-icon-opened fas fa-caret-up\"><\/i><\/span>\n\t\t\t\t\t\t\t\t\t\t\t\t\t<\/span>\n\t\t\t\t\t\t\t\t\t\t\t\t<a class=\"elementor-toggle-title\" tabindex=\"0\">QP-PPA<\/a>\n\t\t\t\t\t<\/div>\n\n\t\t\t\t\t<div id=\"elementor-tab-content-1782\" class=\"elementor-tab-content elementor-clearfix\" data-tab=\"2\" role=\"region\" aria-labelledby=\"elementor-tab-title-1782\"><p class=\"translation-block\">QP-PPA is a polyphosphoric acid that is commonly used for the modification of the rheological characteristics of conventional bitumens or in the production of modified bitumens, including rubber-containing bitumens.<\/p><p>It is added to the bitumen by introducing it either into the storage tanks or during any modification process, whenever its physical-chemical characteristics are to be modified and its rheological properties are to be changed.<\/p><\/div>\n\t\t\t\t<\/div>\n\t\t\t\t\t\t\t<div class=\"elementor-toggle-item\">\n\t\t\t\t\t<div id=\"elementor-tab-title-1783\" class=\"elementor-tab-title\" data-tab=\"3\" role=\"button\" aria-controls=\"elementor-tab-content-1783\" aria-expanded=\"false\">\n\t\t\t\t\t\t\t\t\t\t\t\t<span class=\"elementor-toggle-icon elementor-toggle-icon-left\" aria-hidden=\"true\">\n\t\t\t\t\t\t\t\t\t\t\t\t\t\t\t<span class=\"elementor-toggle-icon-closed\"><i class=\"fas fa-caret-right\"><\/i><\/span>\n\t\t\t\t\t\t\t\t<span class=\"elementor-toggle-icon-opened\"><i class=\"elementor-toggle-icon-opened fas fa-caret-up\"><\/i><\/span>\n\t\t\t\t\t\t\t\t\t\t\t\t\t<\/span>\n\t\t\t\t\t\t\t\t\t\t\t\t<a class=\"elementor-toggle-title\" tabindex=\"0\">QP-WAX<\/a>\n\t\t\t\t\t<\/div>\n\n\t\t\t\t\t<div id=\"elementor-tab-content-1783\" class=\"elementor-tab-content elementor-clearfix\" data-tab=\"3\" role=\"region\" aria-labelledby=\"elementor-tab-title-1783\"><p class=\"translation-block\">QP-WAX is a wax that has been specially designed for use in the production of hot mix asphalt in order to improve the wettability of aggregates at temperatures lower than normal hot mix temperatures.<\/p><p>It allows the asphalt mix to be worked at a temperature between 20 C and 40\u00baC lower than usual, guaranteeing a workability of the mix equal to or even better than the standard mix.<\/p><\/div>\n\t\t\t\t<\/div>\n\t\t\t\t\t\t\t<div class=\"elementor-toggle-item\">\n\t\t\t\t\t<div id=\"elementor-tab-title-1784\" class=\"elementor-tab-title\" data-tab=\"4\" role=\"button\" aria-controls=\"elementor-tab-content-1784\" aria-expanded=\"false\">\n\t\t\t\t\t\t\t\t\t\t\t\t<span class=\"elementor-toggle-icon elementor-toggle-icon-left\" aria-hidden=\"true\">\n\t\t\t\t\t\t\t\t\t\t\t\t\t\t\t<span class=\"elementor-toggle-icon-closed\"><i class=\"fas fa-caret-right\"><\/i><\/span>\n\t\t\t\t\t\t\t\t<span class=\"elementor-toggle-icon-opened\"><i class=\"elementor-toggle-icon-opened fas fa-caret-up\"><\/i><\/span>\n\t\t\t\t\t\t\t\t\t\t\t\t\t<\/span>\n\t\t\t\t\t\t\t\t\t\t\t\t<a class=\"elementor-toggle-title\" tabindex=\"0\">THERMOBIT 400<\/a>\n\t\t\t\t\t<\/div>\n\n\t\t\t\t\t<div id=\"elementor-tab-content-1784\" class=\"elementor-tab-content elementor-clearfix\" data-tab=\"4\" role=\"region\" aria-labelledby=\"elementor-tab-title-1784\"><p class=\"translation-block\">THERMOBIT 400 is an additive for the manufacture of heat-adhering cationic bituminous emulsions.<\/p><p>It is incorporated into the aqueous phase totally or partially replacing the acid for the saponification of the emulsifier. Used for the manufacture of cationic bituminous emulsions, it decreases the penetration of the residue and, at the same time, increases the softening temperature.<\/p><\/div>\n\t\t\t\t<\/div>\n\t\t\t\t\t\t\t\t<\/div>\n\t\t\t\t<\/div>\n\t\t\t\t<\/div>\n\t\t\t\t\t<\/div>\n\t\t<\/div>\n\t\t\t\t\t<\/div>\n\t\t<\/section>\n\t\t\t\t<section class=\"elementor-section elementor-top-section elementor-element elementor-element-7af047c4 elementor-section-boxed elementor-section-height-default elementor-section-height-default\" data-id=\"7af047c4\" data-element_type=\"section\">\n\t\t\t\t\t\t<div class=\"elementor-container elementor-column-gap-default\">\n\t\t\t\t\t<div class=\"elementor-column elementor-col-100 elementor-top-column elementor-element elementor-element-474e0347\" data-id=\"474e0347\" data-element_type=\"column\">\n\t\t\t<div class=\"elementor-widget-wrap elementor-element-populated\">\n\t\t\t\t\t\t<div class=\"elementor-element elementor-element-c9daf12 elementor-widget elementor-widget-image\" data-id=\"c9daf12\" data-element_type=\"widget\" data-widget_type=\"image.default\">\n\t\t\t\t<div class=\"elementor-widget-container\">\n\t\t\t\t\t\t\t\t\t\t\t\t\t<img fetchpriority=\"high\" decoding=\"async\" width=\"768\" height=\"278\" src=\"https:\/\/qdp.es\/wp-content\/uploads\/2020\/06\/logo-quimicas-alargado1_alargado1-768x278.png\" class=\"attachment-medium_large size-medium_large wp-image-617\" alt=\"\" srcset=\"https:\/\/qdp.es\/wp-content\/uploads\/2020\/06\/logo-quimicas-alargado1_alargado1-768x278.png 768w, https:\/\/qdp.es\/wp-content\/uploads\/2020\/06\/logo-quimicas-alargado1_alargado1-300x109.png 300w, https:\/\/qdp.es\/wp-content\/uploads\/2020\/06\/logo-quimicas-alargado1_alargado1-1024x371.png 1024w, https:\/\/qdp.es\/wp-content\/uploads\/2020\/06\/logo-quimicas-alargado1_alargado1-1536x557.png 1536w, https:\/\/qdp.es\/wp-content\/uploads\/2020\/06\/logo-quimicas-alargado1_alargado1-2048x742.png 2048w, https:\/\/qdp.es\/wp-content\/uploads\/2020\/06\/logo-quimicas-alargado1_alargado1-830x301.png 830w, https:\/\/qdp.es\/wp-content\/uploads\/2020\/06\/logo-quimicas-alargado1_alargado1-230x83.png 230w, https:\/\/qdp.es\/wp-content\/uploads\/2020\/06\/logo-quimicas-alargado1_alargado1-350x127.png 350w, https:\/\/qdp.es\/wp-content\/uploads\/2020\/06\/logo-quimicas-alargado1_alargado1-480x174.png 480w\" sizes=\"(max-width: 768px) 100vw, 768px\" \/>\t\t\t\t\t\t\t\t\t\t\t\t\t<\/div>\n\t\t\t\t<\/div>\n\t\t\t\t\t<\/div>\n\t\t<\/div>\n\t\t\t\t\t<\/div>\n\t\t<\/section>\n\t\t\t\t<\/div>","protected":false},"excerpt":{"rendered":"<p>Facebook Linkedin Modificadores de Reolog\u00eda Modificadores de reolog\u00eda Para algunas aplicaciones los ligantes bituminosos convencionales no tienen propiedades adecuadas para cumplir con [&hellip;]<\/p>\n","protected":false},"author":1,"featured_media":0,"parent":584,"menu_order":0,"comment_status":"closed","ping_status":"closed","template":"elementor_header_footer","meta":{"footnotes":""},"yoast_head":"<!-- This site is optimized with the Yoast SEO plugin v24.5 - https:\/\/yoast.com\/wordpress\/plugins\/seo\/ -->\n<title>MODIFICADORES DE REOLOG\u00cdA - QDP<\/title>\n<meta name=\"description\" content=\"Para cumplir con los requisitos deseados estos modifican las propiedades reol\u00f3gicas de los betunes mejorando ciertas caracter\u00edsticas.\" \/>\n<meta name=\"robots\" content=\"index, follow, max-snippet:-1, max-image-preview:large, max-video-preview:-1\" \/>\n<link rel=\"canonical\" href=\"https:\/\/qdp.es\/en\/productos\/modificadores-de-reologia\/\" \/>\n<meta property=\"og:locale\" content=\"en_US\" \/>\n<meta property=\"og:type\" content=\"article\" \/>\n<meta property=\"og:title\" content=\"MODIFICADORES DE REOLOG\u00cdA - QDP\" \/>\n<meta property=\"og:description\" content=\"Para cumplir con los requisitos deseados estos modifican las propiedades reol\u00f3gicas de los betunes mejorando ciertas caracter\u00edsticas.\" \/>\n<meta property=\"og:url\" content=\"https:\/\/qdp.es\/en\/productos\/modificadores-de-reologia\/\" \/>\n<meta property=\"og:site_name\" content=\"QDP\" \/>\n<meta property=\"article:publisher\" content=\"https:\/\/www.facebook.com\/profile.php?id=100007790017858\" \/>\n<meta property=\"article:modified_time\" content=\"2025-12-06T19:24:23+00:00\" \/>\n<meta property=\"og:image\" content=\"https:\/\/qdp.es\/wp-content\/uploads\/2020\/06\/logo-quimicas-alargado1_alargado1.png\" \/>\n\t<meta property=\"og:image:width\" content=\"5150\" \/>\n\t<meta property=\"og:image:height\" content=\"1867\" \/>\n\t<meta property=\"og:image:type\" content=\"image\/png\" \/>\n<meta name=\"twitter:card\" content=\"summary_large_image\" \/>\n<meta name=\"twitter:label1\" content=\"Est. reading time\" \/>\n\t<meta name=\"twitter:data1\" content=\"2 minutes\" \/>\n<script type=\"application\/ld+json\" class=\"yoast-schema-graph\">{\"@context\":\"https:\/\/schema.org\",\"@graph\":[{\"@type\":\"WebPage\",\"@id\":\"https:\/\/qdp.es\/productos\/modificadores-de-reologia\/\",\"url\":\"https:\/\/qdp.es\/productos\/modificadores-de-reologia\/\",\"name\":\"MODIFICADORES DE REOLOG\u00cdA - QDP\",\"isPartOf\":{\"@id\":\"https:\/\/qdp.es\/#website\"},\"primaryImageOfPage\":{\"@id\":\"https:\/\/qdp.es\/productos\/modificadores-de-reologia\/#primaryimage\"},\"image\":{\"@id\":\"https:\/\/qdp.es\/productos\/modificadores-de-reologia\/#primaryimage\"},\"thumbnailUrl\":\"https:\/\/qdp.es\/wp-content\/uploads\/2020\/06\/logo-quimicas-alargado1_alargado1-768x278.png\",\"datePublished\":\"2020-06-08T08:54:06+00:00\",\"dateModified\":\"2025-12-06T19:24:23+00:00\",\"description\":\"Para cumplir con los requisitos deseados estos modifican las propiedades reol\u00f3gicas de los betunes mejorando ciertas caracter\u00edsticas.\",\"breadcrumb\":{\"@id\":\"https:\/\/qdp.es\/productos\/modificadores-de-reologia\/#breadcrumb\"},\"inLanguage\":\"en-US\",\"potentialAction\":[{\"@type\":\"ReadAction\",\"target\":[\"https:\/\/qdp.es\/productos\/modificadores-de-reologia\/\"]}]},{\"@type\":\"ImageObject\",\"inLanguage\":\"en-US\",\"@id\":\"https:\/\/qdp.es\/productos\/modificadores-de-reologia\/#primaryimage\",\"url\":\"https:\/\/qdp.es\/wp-content\/uploads\/2020\/06\/logo-quimicas-alargado1_alargado1-768x278.png\",\"contentUrl\":\"https:\/\/qdp.es\/wp-content\/uploads\/2020\/06\/logo-quimicas-alargado1_alargado1-768x278.png\"},{\"@type\":\"BreadcrumbList\",\"@id\":\"https:\/\/qdp.es\/productos\/modificadores-de-reologia\/#breadcrumb\",\"itemListElement\":[{\"@type\":\"ListItem\",\"position\":1,\"name\":\"Portada\",\"item\":\"https:\/\/qdp.es\/\"},{\"@type\":\"ListItem\",\"position\":2,\"name\":\"Productos\",\"item\":\"https:\/\/qdp.es\/productos\/\"},{\"@type\":\"ListItem\",\"position\":3,\"name\":\"MODIFICADORES DE REOLOG\u00cdA\"}]},{\"@type\":\"WebSite\",\"@id\":\"https:\/\/qdp.es\/#website\",\"url\":\"https:\/\/qdp.es\/\",\"name\":\"QDP\",\"description\":\"Qu\u00edmica de los pavimentos\",\"publisher\":{\"@id\":\"https:\/\/qdp.es\/#organization\"},\"potentialAction\":[{\"@type\":\"SearchAction\",\"target\":{\"@type\":\"EntryPoint\",\"urlTemplate\":\"https:\/\/qdp.es\/?s={search_term_string}\"},\"query-input\":{\"@type\":\"PropertyValueSpecification\",\"valueRequired\":true,\"valueName\":\"search_term_string\"}}],\"inLanguage\":\"en-US\"},{\"@type\":\"Organization\",\"@id\":\"https:\/\/qdp.es\/#organization\",\"name\":\"Qu\u00edmica de los Pavimentos SA\",\"url\":\"https:\/\/qdp.es\/\",\"logo\":{\"@type\":\"ImageObject\",\"inLanguage\":\"en-US\",\"@id\":\"https:\/\/qdp.es\/#\/schema\/logo\/image\/\",\"url\":\"https:\/\/qdp.es\/wp-content\/uploads\/2020\/06\/cropped-imagotipo-quimicas_Mesa-de-trabajo-3_Mesa-de-trabajo-3.png\",\"contentUrl\":\"https:\/\/qdp.es\/wp-content\/uploads\/2020\/06\/cropped-imagotipo-quimicas_Mesa-de-trabajo-3_Mesa-de-trabajo-3.png\",\"width\":512,\"height\":512,\"caption\":\"Qu\u00edmica de los Pavimentos SA\"},\"image\":{\"@id\":\"https:\/\/qdp.es\/#\/schema\/logo\/image\/\"},\"sameAs\":[\"https:\/\/www.facebook.com\/profile.php?id=100007790017858\",\"https:\/\/www.linkedin.com\/company\/quimica-de-los-pavimentos\/about\/\"]}]}<\/script>\n<!-- \/ Yoast SEO plugin. -->","yoast_head_json":{"title":"MODIFICADORES DE REOLOG\u00cdA - QDP","description":"Para cumplir con los requisitos deseados estos modifican las propiedades reol\u00f3gicas de los betunes mejorando ciertas caracter\u00edsticas.","robots":{"index":"index","follow":"follow","max-snippet":"max-snippet:-1","max-image-preview":"max-image-preview:large","max-video-preview":"max-video-preview:-1"},"canonical":"https:\/\/qdp.es\/en\/productos\/modificadores-de-reologia\/","og_locale":"en_US","og_type":"article","og_title":"MODIFICADORES DE REOLOG\u00cdA - QDP","og_description":"Para cumplir con los requisitos deseados estos modifican las propiedades reol\u00f3gicas de los betunes mejorando ciertas caracter\u00edsticas.","og_url":"https:\/\/qdp.es\/en\/productos\/modificadores-de-reologia\/","og_site_name":"QDP","article_publisher":"https:\/\/www.facebook.com\/profile.php?id=100007790017858","article_modified_time":"2025-12-06T19:24:23+00:00","og_image":[{"width":5150,"height":1867,"url":"https:\/\/qdp.es\/wp-content\/uploads\/2020\/06\/logo-quimicas-alargado1_alargado1.png","type":"image\/png"}],"twitter_card":"summary_large_image","twitter_misc":{"Est. reading time":"2 minutes"},"schema":{"@context":"https:\/\/schema.org","@graph":[{"@type":"WebPage","@id":"https:\/\/qdp.es\/productos\/modificadores-de-reologia\/","url":"https:\/\/qdp.es\/productos\/modificadores-de-reologia\/","name":"MODIFICADORES DE REOLOG\u00cdA - QDP","isPartOf":{"@id":"https:\/\/qdp.es\/#website"},"primaryImageOfPage":{"@id":"https:\/\/qdp.es\/productos\/modificadores-de-reologia\/#primaryimage"},"image":{"@id":"https:\/\/qdp.es\/productos\/modificadores-de-reologia\/#primaryimage"},"thumbnailUrl":"https:\/\/qdp.es\/wp-content\/uploads\/2020\/06\/logo-quimicas-alargado1_alargado1-768x278.png","datePublished":"2020-06-08T08:54:06+00:00","dateModified":"2025-12-06T19:24:23+00:00","description":"Para cumplir con los requisitos deseados estos modifican las propiedades reol\u00f3gicas de los betunes mejorando ciertas caracter\u00edsticas.","breadcrumb":{"@id":"https:\/\/qdp.es\/productos\/modificadores-de-reologia\/#breadcrumb"},"inLanguage":"en-US","potentialAction":[{"@type":"ReadAction","target":["https:\/\/qdp.es\/productos\/modificadores-de-reologia\/"]}]},{"@type":"ImageObject","inLanguage":"en-US","@id":"https:\/\/qdp.es\/productos\/modificadores-de-reologia\/#primaryimage","url":"https:\/\/qdp.es\/wp-content\/uploads\/2020\/06\/logo-quimicas-alargado1_alargado1-768x278.png","contentUrl":"https:\/\/qdp.es\/wp-content\/uploads\/2020\/06\/logo-quimicas-alargado1_alargado1-768x278.png"},{"@type":"BreadcrumbList","@id":"https:\/\/qdp.es\/productos\/modificadores-de-reologia\/#breadcrumb","itemListElement":[{"@type":"ListItem","position":1,"name":"Portada","item":"https:\/\/qdp.es\/"},{"@type":"ListItem","position":2,"name":"Productos","item":"https:\/\/qdp.es\/productos\/"},{"@type":"ListItem","position":3,"name":"MODIFICADORES DE REOLOG\u00cdA"}]},{"@type":"WebSite","@id":"https:\/\/qdp.es\/#website","url":"https:\/\/qdp.es\/","name":"QDP","description":"Qu\u00edmica de los pavimentos","publisher":{"@id":"https:\/\/qdp.es\/#organization"},"potentialAction":[{"@type":"SearchAction","target":{"@type":"EntryPoint","urlTemplate":"https:\/\/qdp.es\/?s={search_term_string}"},"query-input":{"@type":"PropertyValueSpecification","valueRequired":true,"valueName":"search_term_string"}}],"inLanguage":"en-US"},{"@type":"Organization","@id":"https:\/\/qdp.es\/#organization","name":"Qu\u00edmica de los Pavimentos SA","url":"https:\/\/qdp.es\/","logo":{"@type":"ImageObject","inLanguage":"en-US","@id":"https:\/\/qdp.es\/#\/schema\/logo\/image\/","url":"https:\/\/qdp.es\/wp-content\/uploads\/2020\/06\/cropped-imagotipo-quimicas_Mesa-de-trabajo-3_Mesa-de-trabajo-3.png","contentUrl":"https:\/\/qdp.es\/wp-content\/uploads\/2020\/06\/cropped-imagotipo-quimicas_Mesa-de-trabajo-3_Mesa-de-trabajo-3.png","width":512,"height":512,"caption":"Qu\u00edmica de los Pavimentos SA"},"image":{"@id":"https:\/\/qdp.es\/#\/schema\/logo\/image\/"},"sameAs":["https:\/\/www.facebook.com\/profile.php?id=100007790017858","https:\/\/www.linkedin.com\/company\/quimica-de-los-pavimentos\/about\/"]}]}},"_links":{"self":[{"href":"https:\/\/qdp.es\/en\/wp-json\/wp\/v2\/pages\/899"}],"collection":[{"href":"https:\/\/qdp.es\/en\/wp-json\/wp\/v2\/pages"}],"about":[{"href":"https:\/\/qdp.es\/en\/wp-json\/wp\/v2\/types\/page"}],"author":[{"embeddable":true,"href":"https:\/\/qdp.es\/en\/wp-json\/wp\/v2\/users\/1"}],"replies":[{"embeddable":true,"href":"https:\/\/qdp.es\/en\/wp-json\/wp\/v2\/comments?post=899"}],"version-history":[{"count":73,"href":"https:\/\/qdp.es\/en\/wp-json\/wp\/v2\/pages\/899\/revisions"}],"predecessor-version":[{"id":3784,"href":"https:\/\/qdp.es\/en\/wp-json\/wp\/v2\/pages\/899\/revisions\/3784"}],"up":[{"embeddable":true,"href":"https:\/\/qdp.es\/en\/wp-json\/wp\/v2\/pages\/584"}],"wp:attachment":[{"href":"https:\/\/qdp.es\/en\/wp-json\/wp\/v2\/media?parent=899"}],"curies":[{"name":"wp","href":"https:\/\/api.w.org\/{rel}","templated":true}]}}