{"id":895,"date":"2021-05-05T08:52:15","date_gmt":"2021-05-05T08:52:15","guid":{"rendered":"https:\/\/qdp.es\/?page_id=895"},"modified":"2025-12-06T18:05:55","modified_gmt":"2025-12-06T18:05:55","slug":"aditivos","status":"publish","type":"page","link":"https:\/\/qdp.es\/en\/productos\/aditivos\/","title":{"rendered":"ADDITIVES"},"content":{"rendered":"<div data-elementor-type=\"wp-page\" data-elementor-id=\"895\" class=\"elementor elementor-895\">\n\t\t\t\t\t\t<section class=\"elementor-section elementor-top-section elementor-element elementor-element-67f768b6 elementor-section-boxed elementor-section-height-default elementor-section-height-default\" data-id=\"67f768b6\" data-element_type=\"section\">\n\t\t\t\t\t\t<div class=\"elementor-container elementor-column-gap-default\">\n\t\t\t\t\t<div class=\"elementor-column elementor-col-100 elementor-top-column elementor-element elementor-element-6416d893\" data-id=\"6416d893\" data-element_type=\"column\">\n\t\t\t<div class=\"elementor-widget-wrap elementor-element-populated\">\n\t\t\t\t\t\t<div class=\"elementor-element elementor-element-75b4624c e-grid-align-right e-grid-align-tablet-right e-grid-align-mobile-center elementor-shape-rounded elementor-grid-0 elementor-widget elementor-widget-social-icons\" data-id=\"75b4624c\" data-element_type=\"widget\" data-widget_type=\"social-icons.default\">\n\t\t\t\t<div class=\"elementor-widget-container\">\n\t\t\t\t\t<div class=\"elementor-social-icons-wrapper elementor-grid\">\n\t\t\t\t\t\t\t<span class=\"elementor-grid-item\">\n\t\t\t\t\t<a class=\"elementor-icon elementor-social-icon elementor-social-icon-facebook elementor-animation-grow elementor-repeater-item-f729d6f\" href=\"https:\/\/www.facebook.com\/profile.php?id=100007790017858&#038;lst=1536416550%3A100007790017858%3A1591523800&#038;sk=about\" target=\"_blank\">\n\t\t\t\t\t\t<span class=\"elementor-screen-only\">Facebook<\/span>\n\t\t\t\t\t\t<i class=\"fab fa-facebook\"><\/i>\t\t\t\t\t<\/a>\n\t\t\t\t<\/span>\n\t\t\t\t\t\t\t<span class=\"elementor-grid-item\">\n\t\t\t\t\t<a class=\"elementor-icon elementor-social-icon elementor-social-icon-linkedin elementor-animation-grow elementor-repeater-item-57efa30\" href=\"https:\/\/www.linkedin.com\/company\/quimica-de-los-pavimentos\" target=\"_blank\">\n\t\t\t\t\t\t<span class=\"elementor-screen-only\">Linkedin<\/span>\n\t\t\t\t\t\t<i class=\"fab fa-linkedin\"><\/i>\t\t\t\t\t<\/a>\n\t\t\t\t<\/span>\n\t\t\t\t\t<\/div>\n\t\t\t\t<\/div>\n\t\t\t\t<\/div>\n\t\t\t\t\t<\/div>\n\t\t<\/div>\n\t\t\t\t\t<\/div>\n\t\t<\/section>\n\t\t\t\t<section class=\"elementor-section elementor-top-section elementor-element elementor-element-6c2eef37 elementor-section-full_width elementor-section-content-middle elementor-section-height-default elementor-section-height-default\" data-id=\"6c2eef37\" data-element_type=\"section\">\n\t\t\t\t\t\t<div class=\"elementor-container elementor-column-gap-no\">\n\t\t\t\t\t<div class=\"elementor-column elementor-col-50 elementor-top-column elementor-element elementor-element-6d1bf89a\" data-id=\"6d1bf89a\" data-element_type=\"column\" data-settings=\"{&quot;background_background&quot;:&quot;classic&quot;}\">\n\t\t\t<div class=\"elementor-widget-wrap elementor-element-populated\">\n\t\t\t\t\t<div class=\"elementor-background-overlay\"><\/div>\n\t\t\t\t\t\t<div class=\"elementor-element elementor-element-428a7a1c elementor-widget elementor-widget-heading\" data-id=\"428a7a1c\" data-element_type=\"widget\" data-widget_type=\"heading.default\">\n\t\t\t\t<div class=\"elementor-widget-container\">\n\t\t\t<h4 class=\"elementor-heading-title elementor-size-default\">Additives<\/h4>\t\t<\/div>\n\t\t\t\t<\/div>\n\t\t\t\t\t<\/div>\n\t\t<\/div>\n\t\t\t\t<div class=\"elementor-column elementor-col-50 elementor-top-column elementor-element elementor-element-7e52ebcb\" data-id=\"7e52ebcb\" data-element_type=\"column\">\n\t\t\t<div class=\"elementor-widget-wrap elementor-element-populated\">\n\t\t\t\t\t\t<div class=\"elementor-element elementor-element-526054a9 elementor-widget elementor-widget-text-editor\" data-id=\"526054a9\" data-element_type=\"widget\" data-widget_type=\"text-editor.default\">\n\t\t\t\t<div class=\"elementor-widget-container\">\n\t\t\t\t\t\t\t<h2 style=\"text-align: left;\"><span style=\"text-decoration: underline;\"><span style=\"color: #008080; text-decoration: underline;\"><strong>Additives<\/strong><\/span><\/span><\/h2><p>Additives are used to modify the characteristics of a bituminous emulsion or to improve its applications.<\/p><p class=\"translation-block\">ADDIBIT and COHEBIT are designed to control the breaking speed of cold slurries and micro-agglomerates, optimizing the fluidity of the mix and providing rapid breaking and cohesion after paving. Bases for manufacturing these additives are also available on request.<\/p>\t\t\t\t\t\t<\/div>\n\t\t\t\t<\/div>\n\t\t\t\t\t<\/div>\n\t\t<\/div>\n\t\t\t\t\t<\/div>\n\t\t<\/section>\n\t\t\t\t<section class=\"elementor-section elementor-top-section elementor-element elementor-element-29e8d8ae elementor-section-boxed elementor-section-height-default elementor-section-height-default\" data-id=\"29e8d8ae\" data-element_type=\"section\">\n\t\t\t\t\t\t<div class=\"elementor-container elementor-column-gap-default\">\n\t\t\t\t\t<div class=\"elementor-column elementor-col-100 elementor-top-column elementor-element elementor-element-503e1cad\" data-id=\"503e1cad\" data-element_type=\"column\">\n\t\t\t<div class=\"elementor-widget-wrap elementor-element-populated\">\n\t\t\t\t\t\t<div class=\"elementor-element elementor-element-5a1af688 elementor-widget elementor-widget-heading\" data-id=\"5a1af688\" data-element_type=\"widget\" data-widget_type=\"heading.default\">\n\t\t\t\t<div class=\"elementor-widget-container\">\n\t\t\t<h2 class=\"elementor-heading-title elementor-size-default\">Additives<\/h2>\t\t<\/div>\n\t\t\t\t<\/div>\n\t\t\t\t\t<\/div>\n\t\t<\/div>\n\t\t\t\t\t<\/div>\n\t\t<\/section>\n\t\t\t\t<section class=\"elementor-section elementor-top-section elementor-element elementor-element-689c250d elementor-section-boxed elementor-section-height-default elementor-section-height-default\" data-id=\"689c250d\" data-element_type=\"section\">\n\t\t\t\t\t\t<div class=\"elementor-container elementor-column-gap-default\">\n\t\t\t\t\t<div class=\"elementor-column elementor-col-100 elementor-top-column elementor-element elementor-element-35bbccb6\" data-id=\"35bbccb6\" data-element_type=\"column\">\n\t\t\t<div class=\"elementor-widget-wrap elementor-element-populated\">\n\t\t\t\t\t\t<div class=\"elementor-element elementor-element-5b89a775 elementor-widget elementor-widget-toggle\" data-id=\"5b89a775\" data-element_type=\"widget\" data-widget_type=\"toggle.default\">\n\t\t\t\t<div class=\"elementor-widget-container\">\n\t\t\t\t\t<div class=\"elementor-toggle\">\n\t\t\t\t\t\t\t<div class=\"elementor-toggle-item\">\n\t\t\t\t\t<div id=\"elementor-tab-title-1531\" class=\"elementor-tab-title\" data-tab=\"1\" role=\"button\" aria-controls=\"elementor-tab-content-1531\" aria-expanded=\"false\">\n\t\t\t\t\t\t\t\t\t\t\t\t<span class=\"elementor-toggle-icon elementor-toggle-icon-left\" aria-hidden=\"true\">\n\t\t\t\t\t\t\t\t\t\t\t\t\t\t\t<span class=\"elementor-toggle-icon-closed\"><i class=\"fas fa-caret-right\"><\/i><\/span>\n\t\t\t\t\t\t\t\t<span class=\"elementor-toggle-icon-opened\"><i class=\"elementor-toggle-icon-opened fas fa-caret-up\"><\/i><\/span>\n\t\t\t\t\t\t\t\t\t\t\t\t\t<\/span>\n\t\t\t\t\t\t\t\t\t\t\t\t<a class=\"elementor-toggle-title\" tabindex=\"0\">COHEBIT 100<\/a>\n\t\t\t\t\t<\/div>\n\n\t\t\t\t\t<div id=\"elementor-tab-content-1531\" class=\"elementor-tab-content elementor-clearfix\" data-tab=\"1\" role=\"region\" aria-labelledby=\"elementor-tab-title-1531\"><p><span style=\"color: #008080;\"><strong>COHEBIT 100<\/strong><\/span> es un aditivo regulador de la rotura, que se utiliza para la puesta en obra de lechadas bituminosas y microaglomerados en fr\u00edo. Se recomienda aplicar este producto especialmente en zonas sinuosas, sombr\u00edas y de mayor humedad ambiente; obteni\u00e9ndose una <span style=\"color: #008080;\">excelente cohesi\u00f3n de la mezcla y r\u00e1pida apertura al tr\u00e1fico. <\/span>Aumenta su efectividad cuando se combina con una emulsi\u00f3n bituminosa fabricada con\u00a0<strong>POLYBIT QPS-E.<\/strong><\/p><\/div>\n\t\t\t\t<\/div>\n\t\t\t\t\t\t\t<div class=\"elementor-toggle-item\">\n\t\t\t\t\t<div id=\"elementor-tab-title-1532\" class=\"elementor-tab-title\" data-tab=\"2\" role=\"button\" aria-controls=\"elementor-tab-content-1532\" aria-expanded=\"false\">\n\t\t\t\t\t\t\t\t\t\t\t\t<span class=\"elementor-toggle-icon elementor-toggle-icon-left\" aria-hidden=\"true\">\n\t\t\t\t\t\t\t\t\t\t\t\t\t\t\t<span class=\"elementor-toggle-icon-closed\"><i class=\"fas fa-caret-right\"><\/i><\/span>\n\t\t\t\t\t\t\t\t<span class=\"elementor-toggle-icon-opened\"><i class=\"elementor-toggle-icon-opened fas fa-caret-up\"><\/i><\/span>\n\t\t\t\t\t\t\t\t\t\t\t\t\t<\/span>\n\t\t\t\t\t\t\t\t\t\t\t\t<a class=\"elementor-toggle-title\" tabindex=\"0\">ADDIBIT 102<\/a>\n\t\t\t\t\t<\/div>\n\n\t\t\t\t\t<div id=\"elementor-tab-content-1532\" class=\"elementor-tab-content elementor-clearfix\" data-tab=\"2\" role=\"region\" aria-labelledby=\"elementor-tab-title-1532\"><p><strong><span style=\"color: #008080;\">ADDIBIT 102<\/span><\/strong> Por su naturaleza tensoactiva, cumplen las siguientes funciones:<\/p><p class=\"translation-block\">Make it possible for the asphalt emulsion to be distributed evenly over the entire surface of the aggregate.\nAllow the grout to spread without breaking the emulsion.\nAllow that, once the extension has been carried out, the breaking of the emulsion be rapid.\nImprove the adherence of the asphalt bitumen to the aggregate.<\/p><\/div>\n\t\t\t\t<\/div>\n\t\t\t\t\t\t\t<div class=\"elementor-toggle-item\">\n\t\t\t\t\t<div id=\"elementor-tab-title-1533\" class=\"elementor-tab-title\" data-tab=\"3\" role=\"button\" aria-controls=\"elementor-tab-content-1533\" aria-expanded=\"false\">\n\t\t\t\t\t\t\t\t\t\t\t\t<span class=\"elementor-toggle-icon elementor-toggle-icon-left\" aria-hidden=\"true\">\n\t\t\t\t\t\t\t\t\t\t\t\t\t\t\t<span class=\"elementor-toggle-icon-closed\"><i class=\"fas fa-caret-right\"><\/i><\/span>\n\t\t\t\t\t\t\t\t<span class=\"elementor-toggle-icon-opened\"><i class=\"elementor-toggle-icon-opened fas fa-caret-up\"><\/i><\/span>\n\t\t\t\t\t\t\t\t\t\t\t\t\t<\/span>\n\t\t\t\t\t\t\t\t\t\t\t\t<a class=\"elementor-toggle-title\" tabindex=\"0\">ADDIBIT 102C<\/a>\n\t\t\t\t\t<\/div>\n\n\t\t\t\t\t<div id=\"elementor-tab-content-1533\" class=\"elementor-tab-content elementor-clearfix\" data-tab=\"3\" role=\"region\" aria-labelledby=\"elementor-tab-title-1533\"><p><span style=\"color: #008080;\"><strong>ADDIBIT 102 C<\/strong><\/span>\u00a0es un <span style=\"color: #008080;\">aditivo dise\u00f1ado para controlar la velocidad de rotura de la emulsi\u00f3n<\/span>, utilizado en la puesta en obra de lechadas bituminosas y microaglomerados en fr\u00edo. Especialmente recomendado cuando la temperatura ambiente es superior a 25 \u00baC.<\/p><\/div>\n\t\t\t\t<\/div>\n\t\t\t\t\t\t\t\t<\/div>\n\t\t\t\t<\/div>\n\t\t\t\t<\/div>\n\t\t\t\t\t<\/div>\n\t\t<\/div>\n\t\t\t\t\t<\/div>\n\t\t<\/section>\n\t\t\t\t<section class=\"elementor-section elementor-top-section elementor-element elementor-element-5b51ec91 elementor-section-boxed elementor-section-height-default elementor-section-height-default\" data-id=\"5b51ec91\" data-element_type=\"section\">\n\t\t\t\t\t\t<div class=\"elementor-container elementor-column-gap-default\">\n\t\t\t\t\t<div class=\"elementor-column elementor-col-100 elementor-top-column elementor-element elementor-element-52b7b97d\" data-id=\"52b7b97d\" data-element_type=\"column\">\n\t\t\t<div class=\"elementor-widget-wrap elementor-element-populated\">\n\t\t\t\t\t\t<div class=\"elementor-element elementor-element-54f90bb1 elementor-widget elementor-widget-image\" data-id=\"54f90bb1\" data-element_type=\"widget\" data-widget_type=\"image.default\">\n\t\t\t\t<div class=\"elementor-widget-container\">\n\t\t\t\t\t\t\t\t\t\t\t\t\t<img fetchpriority=\"high\" decoding=\"async\" width=\"768\" height=\"278\" src=\"https:\/\/qdp.es\/wp-content\/uploads\/2020\/06\/logo-quimicas-alargado1_alargado1-768x278.png\" class=\"attachment-medium_large size-medium_large wp-image-617\" alt=\"\" srcset=\"https:\/\/qdp.es\/wp-content\/uploads\/2020\/06\/logo-quimicas-alargado1_alargado1-768x278.png 768w, https:\/\/qdp.es\/wp-content\/uploads\/2020\/06\/logo-quimicas-alargado1_alargado1-300x109.png 300w, https:\/\/qdp.es\/wp-content\/uploads\/2020\/06\/logo-quimicas-alargado1_alargado1-1024x371.png 1024w, https:\/\/qdp.es\/wp-content\/uploads\/2020\/06\/logo-quimicas-alargado1_alargado1-1536x557.png 1536w, https:\/\/qdp.es\/wp-content\/uploads\/2020\/06\/logo-quimicas-alargado1_alargado1-2048x742.png 2048w, https:\/\/qdp.es\/wp-content\/uploads\/2020\/06\/logo-quimicas-alargado1_alargado1-830x301.png 830w, https:\/\/qdp.es\/wp-content\/uploads\/2020\/06\/logo-quimicas-alargado1_alargado1-230x83.png 230w, https:\/\/qdp.es\/wp-content\/uploads\/2020\/06\/logo-quimicas-alargado1_alargado1-350x127.png 350w, https:\/\/qdp.es\/wp-content\/uploads\/2020\/06\/logo-quimicas-alargado1_alargado1-480x174.png 480w\" sizes=\"(max-width: 768px) 100vw, 768px\" \/>\t\t\t\t\t\t\t\t\t\t\t\t\t<\/div>\n\t\t\t\t<\/div>\n\t\t\t\t\t<\/div>\n\t\t<\/div>\n\t\t\t\t\t<\/div>\n\t\t<\/section>\n\t\t\t\t<\/div>","protected":false},"excerpt":{"rendered":"<p>Facebook Linkedin Aditivos Aditivos Los aditivos se usan para modificar las caracter\u00edsticas de una emulsi\u00f3n bituminosa o para mejorar sus aplicaciones. ADDIBIT [&hellip;]<\/p>\n","protected":false},"author":1,"featured_media":0,"parent":584,"menu_order":0,"comment_status":"closed","ping_status":"closed","template":"elementor_header_footer","meta":{"footnotes":""},"yoast_head":"<!-- This site is optimized with the Yoast SEO plugin v24.5 - https:\/\/yoast.com\/wordpress\/plugins\/seo\/ -->\n<title>ADITIVOS - QDP<\/title>\n<meta name=\"description\" content=\"Los aditivos se usan para modificar las caracter\u00edsticas de una emulsi\u00f3n bituminosa o para mejorar sus aplicaciones.\" \/>\n<meta name=\"robots\" content=\"index, follow, max-snippet:-1, max-image-preview:large, max-video-preview:-1\" \/>\n<link rel=\"canonical\" href=\"https:\/\/qdp.es\/en\/productos\/aditivos\/\" \/>\n<meta property=\"og:locale\" content=\"en_US\" \/>\n<meta property=\"og:type\" content=\"article\" \/>\n<meta property=\"og:title\" content=\"ADITIVOS - QDP\" \/>\n<meta property=\"og:description\" content=\"Los aditivos se usan para modificar las caracter\u00edsticas de una emulsi\u00f3n bituminosa o para mejorar sus aplicaciones.\" \/>\n<meta property=\"og:url\" content=\"https:\/\/qdp.es\/en\/productos\/aditivos\/\" \/>\n<meta property=\"og:site_name\" content=\"QDP\" \/>\n<meta property=\"article:publisher\" content=\"https:\/\/www.facebook.com\/profile.php?id=100007790017858\" \/>\n<meta property=\"article:modified_time\" content=\"2025-12-06T18:05:55+00:00\" \/>\n<meta property=\"og:image\" content=\"https:\/\/qdp.es\/wp-content\/uploads\/2020\/06\/logo-quimicas-alargado1_alargado1.png\" \/>\n\t<meta property=\"og:image:width\" content=\"5150\" \/>\n\t<meta property=\"og:image:height\" content=\"1867\" \/>\n\t<meta property=\"og:image:type\" content=\"image\/png\" \/>\n<meta name=\"twitter:card\" content=\"summary_large_image\" \/>\n<meta name=\"twitter:label1\" content=\"Est. reading time\" \/>\n\t<meta name=\"twitter:data1\" content=\"2 minutes\" \/>\n<script type=\"application\/ld+json\" class=\"yoast-schema-graph\">{\"@context\":\"https:\/\/schema.org\",\"@graph\":[{\"@type\":\"WebPage\",\"@id\":\"https:\/\/qdp.es\/productos\/aditivos\/\",\"url\":\"https:\/\/qdp.es\/productos\/aditivos\/\",\"name\":\"ADITIVOS - QDP\",\"isPartOf\":{\"@id\":\"https:\/\/qdp.es\/#website\"},\"primaryImageOfPage\":{\"@id\":\"https:\/\/qdp.es\/productos\/aditivos\/#primaryimage\"},\"image\":{\"@id\":\"https:\/\/qdp.es\/productos\/aditivos\/#primaryimage\"},\"thumbnailUrl\":\"https:\/\/qdp.es\/wp-content\/uploads\/2020\/06\/logo-quimicas-alargado1_alargado1-768x278.png\",\"datePublished\":\"2021-05-05T08:52:15+00:00\",\"dateModified\":\"2025-12-06T18:05:55+00:00\",\"description\":\"Los aditivos se usan para modificar las caracter\u00edsticas de una emulsi\u00f3n bituminosa o para mejorar sus aplicaciones.\",\"breadcrumb\":{\"@id\":\"https:\/\/qdp.es\/productos\/aditivos\/#breadcrumb\"},\"inLanguage\":\"en-US\",\"potentialAction\":[{\"@type\":\"ReadAction\",\"target\":[\"https:\/\/qdp.es\/productos\/aditivos\/\"]}]},{\"@type\":\"ImageObject\",\"inLanguage\":\"en-US\",\"@id\":\"https:\/\/qdp.es\/productos\/aditivos\/#primaryimage\",\"url\":\"https:\/\/qdp.es\/wp-content\/uploads\/2020\/06\/logo-quimicas-alargado1_alargado1-768x278.png\",\"contentUrl\":\"https:\/\/qdp.es\/wp-content\/uploads\/2020\/06\/logo-quimicas-alargado1_alargado1-768x278.png\"},{\"@type\":\"BreadcrumbList\",\"@id\":\"https:\/\/qdp.es\/productos\/aditivos\/#breadcrumb\",\"itemListElement\":[{\"@type\":\"ListItem\",\"position\":1,\"name\":\"Portada\",\"item\":\"https:\/\/qdp.es\/\"},{\"@type\":\"ListItem\",\"position\":2,\"name\":\"Productos\",\"item\":\"https:\/\/qdp.es\/productos\/\"},{\"@type\":\"ListItem\",\"position\":3,\"name\":\"ADITIVOS\"}]},{\"@type\":\"WebSite\",\"@id\":\"https:\/\/qdp.es\/#website\",\"url\":\"https:\/\/qdp.es\/\",\"name\":\"QDP\",\"description\":\"Qu\u00edmica de los pavimentos\",\"publisher\":{\"@id\":\"https:\/\/qdp.es\/#organization\"},\"potentialAction\":[{\"@type\":\"SearchAction\",\"target\":{\"@type\":\"EntryPoint\",\"urlTemplate\":\"https:\/\/qdp.es\/?s={search_term_string}\"},\"query-input\":{\"@type\":\"PropertyValueSpecification\",\"valueRequired\":true,\"valueName\":\"search_term_string\"}}],\"inLanguage\":\"en-US\"},{\"@type\":\"Organization\",\"@id\":\"https:\/\/qdp.es\/#organization\",\"name\":\"Qu\u00edmica de los Pavimentos SA\",\"url\":\"https:\/\/qdp.es\/\",\"logo\":{\"@type\":\"ImageObject\",\"inLanguage\":\"en-US\",\"@id\":\"https:\/\/qdp.es\/#\/schema\/logo\/image\/\",\"url\":\"https:\/\/qdp.es\/wp-content\/uploads\/2020\/06\/cropped-imagotipo-quimicas_Mesa-de-trabajo-3_Mesa-de-trabajo-3.png\",\"contentUrl\":\"https:\/\/qdp.es\/wp-content\/uploads\/2020\/06\/cropped-imagotipo-quimicas_Mesa-de-trabajo-3_Mesa-de-trabajo-3.png\",\"width\":512,\"height\":512,\"caption\":\"Qu\u00edmica de los Pavimentos SA\"},\"image\":{\"@id\":\"https:\/\/qdp.es\/#\/schema\/logo\/image\/\"},\"sameAs\":[\"https:\/\/www.facebook.com\/profile.php?id=100007790017858\",\"https:\/\/www.linkedin.com\/company\/quimica-de-los-pavimentos\/about\/\"]}]}<\/script>\n<!-- \/ Yoast SEO plugin. -->","yoast_head_json":{"title":"ADITIVOS - QDP","description":"Additives are used to modify the characteristics of a bituminous emulsion or to improve its applications.","robots":{"index":"index","follow":"follow","max-snippet":"max-snippet:-1","max-image-preview":"max-image-preview:large","max-video-preview":"max-video-preview:-1"},"canonical":"https:\/\/qdp.es\/en\/productos\/aditivos\/","og_locale":"en_US","og_type":"article","og_title":"ADITIVOS - QDP","og_description":"Los aditivos se usan para modificar las caracter\u00edsticas de una emulsi\u00f3n bituminosa o para mejorar sus aplicaciones.","og_url":"https:\/\/qdp.es\/en\/productos\/aditivos\/","og_site_name":"QDP","article_publisher":"https:\/\/www.facebook.com\/profile.php?id=100007790017858","article_modified_time":"2025-12-06T18:05:55+00:00","og_image":[{"width":5150,"height":1867,"url":"https:\/\/qdp.es\/wp-content\/uploads\/2020\/06\/logo-quimicas-alargado1_alargado1.png","type":"image\/png"}],"twitter_card":"summary_large_image","twitter_misc":{"Est. reading time":"2 minutes"},"schema":{"@context":"https:\/\/schema.org","@graph":[{"@type":"WebPage","@id":"https:\/\/qdp.es\/productos\/aditivos\/","url":"https:\/\/qdp.es\/productos\/aditivos\/","name":"ADITIVOS - QDP","isPartOf":{"@id":"https:\/\/qdp.es\/#website"},"primaryImageOfPage":{"@id":"https:\/\/qdp.es\/productos\/aditivos\/#primaryimage"},"image":{"@id":"https:\/\/qdp.es\/productos\/aditivos\/#primaryimage"},"thumbnailUrl":"https:\/\/qdp.es\/wp-content\/uploads\/2020\/06\/logo-quimicas-alargado1_alargado1-768x278.png","datePublished":"2021-05-05T08:52:15+00:00","dateModified":"2025-12-06T18:05:55+00:00","description":"Additives are used to modify the characteristics of a bituminous emulsion or to improve its applications.","breadcrumb":{"@id":"https:\/\/qdp.es\/productos\/aditivos\/#breadcrumb"},"inLanguage":"en-US","potentialAction":[{"@type":"ReadAction","target":["https:\/\/qdp.es\/productos\/aditivos\/"]}]},{"@type":"ImageObject","inLanguage":"en-US","@id":"https:\/\/qdp.es\/productos\/aditivos\/#primaryimage","url":"https:\/\/qdp.es\/wp-content\/uploads\/2020\/06\/logo-quimicas-alargado1_alargado1-768x278.png","contentUrl":"https:\/\/qdp.es\/wp-content\/uploads\/2020\/06\/logo-quimicas-alargado1_alargado1-768x278.png"},{"@type":"BreadcrumbList","@id":"https:\/\/qdp.es\/productos\/aditivos\/#breadcrumb","itemListElement":[{"@type":"ListItem","position":1,"name":"Portada","item":"https:\/\/qdp.es\/"},{"@type":"ListItem","position":2,"name":"Productos","item":"https:\/\/qdp.es\/productos\/"},{"@type":"ListItem","position":3,"name":"ADITIVOS"}]},{"@type":"WebSite","@id":"https:\/\/qdp.es\/#website","url":"https:\/\/qdp.es\/","name":"QDP","description":"Qu\u00edmica de los pavimentos","publisher":{"@id":"https:\/\/qdp.es\/#organization"},"potentialAction":[{"@type":"SearchAction","target":{"@type":"EntryPoint","urlTemplate":"https:\/\/qdp.es\/?s={search_term_string}"},"query-input":{"@type":"PropertyValueSpecification","valueRequired":true,"valueName":"search_term_string"}}],"inLanguage":"en-US"},{"@type":"Organization","@id":"https:\/\/qdp.es\/#organization","name":"Qu\u00edmica de los Pavimentos SA","url":"https:\/\/qdp.es\/","logo":{"@type":"ImageObject","inLanguage":"en-US","@id":"https:\/\/qdp.es\/#\/schema\/logo\/image\/","url":"https:\/\/qdp.es\/wp-content\/uploads\/2020\/06\/cropped-imagotipo-quimicas_Mesa-de-trabajo-3_Mesa-de-trabajo-3.png","contentUrl":"https:\/\/qdp.es\/wp-content\/uploads\/2020\/06\/cropped-imagotipo-quimicas_Mesa-de-trabajo-3_Mesa-de-trabajo-3.png","width":512,"height":512,"caption":"Qu\u00edmica de los Pavimentos SA"},"image":{"@id":"https:\/\/qdp.es\/#\/schema\/logo\/image\/"},"sameAs":["https:\/\/www.facebook.com\/profile.php?id=100007790017858","https:\/\/www.linkedin.com\/company\/quimica-de-los-pavimentos\/about\/"]}]}},"_links":{"self":[{"href":"https:\/\/qdp.es\/en\/wp-json\/wp\/v2\/pages\/895"}],"collection":[{"href":"https:\/\/qdp.es\/en\/wp-json\/wp\/v2\/pages"}],"about":[{"href":"https:\/\/qdp.es\/en\/wp-json\/wp\/v2\/types\/page"}],"author":[{"embeddable":true,"href":"https:\/\/qdp.es\/en\/wp-json\/wp\/v2\/users\/1"}],"replies":[{"embeddable":true,"href":"https:\/\/qdp.es\/en\/wp-json\/wp\/v2\/comments?post=895"}],"version-history":[{"count":76,"href":"https:\/\/qdp.es\/en\/wp-json\/wp\/v2\/pages\/895\/revisions"}],"predecessor-version":[{"id":3699,"href":"https:\/\/qdp.es\/en\/wp-json\/wp\/v2\/pages\/895\/revisions\/3699"}],"up":[{"embeddable":true,"href":"https:\/\/qdp.es\/en\/wp-json\/wp\/v2\/pages\/584"}],"wp:attachment":[{"href":"https:\/\/qdp.es\/en\/wp-json\/wp\/v2\/media?parent=895"}],"curies":[{"name":"wp","href":"https:\/\/api.w.org\/{rel}","templated":true}]}}