{"id":586,"date":"2020-06-04T09:27:34","date_gmt":"2020-06-04T09:27:34","guid":{"rendered":"https:\/\/qdp.es\/?page_id=586"},"modified":"2023-03-14T17:08:06","modified_gmt":"2023-03-14T17:08:06","slug":"quienes-somos","status":"publish","type":"page","link":"https:\/\/qdp.es\/en\/quienes-somos\/","title":{"rendered":"About Us"},"content":{"rendered":"<div data-elementor-type=\"wp-page\" data-elementor-id=\"586\" class=\"elementor elementor-586\">\n\t\t\t\t\t\t<section class=\"elementor-section elementor-top-section elementor-element elementor-element-5c6fb5a8 elementor-section-boxed elementor-section-height-default elementor-section-height-default\" data-id=\"5c6fb5a8\" data-element_type=\"section\">\n\t\t\t\t\t\t<div class=\"elementor-container elementor-column-gap-default\">\n\t\t\t\t\t<div class=\"elementor-column elementor-col-100 elementor-top-column elementor-element elementor-element-31fdbe6b\" data-id=\"31fdbe6b\" data-element_type=\"column\">\n\t\t\t<div class=\"elementor-widget-wrap elementor-element-populated\">\n\t\t\t\t\t\t<div class=\"elementor-element elementor-element-794bff19 e-grid-align-right e-grid-align-tablet-center elementor-shape-rounded elementor-grid-0 elementor-widget elementor-widget-social-icons\" data-id=\"794bff19\" data-element_type=\"widget\" data-widget_type=\"social-icons.default\">\n\t\t\t\t<div class=\"elementor-widget-container\">\n\t\t\t\t\t<div class=\"elementor-social-icons-wrapper elementor-grid\">\n\t\t\t\t\t\t\t<span class=\"elementor-grid-item\">\n\t\t\t\t\t<a class=\"elementor-icon elementor-social-icon elementor-social-icon-facebook elementor-animation-grow elementor-repeater-item-f729d6f\" href=\"https:\/\/www.facebook.com\/profile.php?id=100007790017858&#038;lst=1536416550%3A100007790017858%3A1591523800&#038;sk=about\" target=\"_blank\">\n\t\t\t\t\t\t<span class=\"elementor-screen-only\">Facebook<\/span>\n\t\t\t\t\t\t<i class=\"fab fa-facebook\"><\/i>\t\t\t\t\t<\/a>\n\t\t\t\t<\/span>\n\t\t\t\t\t\t\t<span class=\"elementor-grid-item\">\n\t\t\t\t\t<a class=\"elementor-icon elementor-social-icon elementor-social-icon-linkedin elementor-animation-grow elementor-repeater-item-57efa30\" href=\"https:\/\/www.linkedin.com\/company\/quimica-de-los-pavimentos\" target=\"_blank\">\n\t\t\t\t\t\t<span class=\"elementor-screen-only\">Linkedin<\/span>\n\t\t\t\t\t\t<i class=\"fab fa-linkedin\"><\/i>\t\t\t\t\t<\/a>\n\t\t\t\t<\/span>\n\t\t\t\t\t<\/div>\n\t\t\t\t<\/div>\n\t\t\t\t<\/div>\n\t\t\t\t\t<\/div>\n\t\t<\/div>\n\t\t\t\t\t<\/div>\n\t\t<\/section>\n\t\t\t\t<section class=\"elementor-section elementor-top-section elementor-element elementor-element-b936c8f elementor-section-stretched elementor-section-boxed elementor-section-height-default elementor-section-height-default\" data-id=\"b936c8f\" data-element_type=\"section\" data-settings=\"{&quot;stretch_section&quot;:&quot;section-stretched&quot;}\">\n\t\t\t\t\t\t<div class=\"elementor-container elementor-column-gap-default\">\n\t\t\t\t\t<div class=\"elementor-column elementor-col-100 elementor-top-column elementor-element elementor-element-9543149\" data-id=\"9543149\" data-element_type=\"column\">\n\t\t\t<div class=\"elementor-widget-wrap elementor-element-populated\">\n\t\t\t\t\t\t<div class=\"elementor-element elementor-element-73ffbcb elementor-widget elementor-widget-heading\" data-id=\"73ffbcb\" data-element_type=\"widget\" data-widget_type=\"heading.default\">\n\t\t\t\t<div class=\"elementor-widget-container\">\n\t\t\t<h1 class=\"elementor-heading-title elementor-size-default\">About Us<\/h1>\t\t<\/div>\n\t\t\t\t<\/div>\n\t\t\t\t\t<\/div>\n\t\t<\/div>\n\t\t\t\t\t<\/div>\n\t\t<\/section>\n\t\t\t\t<section class=\"elementor-section elementor-top-section elementor-element elementor-element-3c071e29 elementor-section-full_width elementor-section-content-middle elementor-section-stretched elementor-section-height-default elementor-section-height-default\" data-id=\"3c071e29\" data-element_type=\"section\" data-settings=\"{&quot;stretch_section&quot;:&quot;section-stretched&quot;,&quot;animation_mobile&quot;:&quot;none&quot;}\">\n\t\t\t\t\t\t<div class=\"elementor-container elementor-column-gap-no\">\n\t\t\t\t\t<div class=\"elementor-column elementor-col-50 elementor-top-column elementor-element elementor-element-4da30854 elementor-invisible\" data-id=\"4da30854\" data-element_type=\"column\" data-settings=\"{&quot;background_background&quot;:&quot;classic&quot;,&quot;animation&quot;:&quot;fadeInLeft&quot;,&quot;animation_tablet&quot;:&quot;fadeInLeft&quot;,&quot;animation_mobile&quot;:&quot;none&quot;}\">\n\t\t\t<div class=\"elementor-widget-wrap elementor-element-populated\">\n\t\t\t\t\t<div class=\"elementor-background-overlay\"><\/div>\n\t\t\t\t\t\t<div class=\"elementor-element elementor-element-4170fa6c elementor-widget elementor-widget-heading\" data-id=\"4170fa6c\" data-element_type=\"widget\" data-settings=\"{&quot;_animation_mobile&quot;:&quot;none&quot;}\" data-widget_type=\"heading.default\">\n\t\t\t\t<div class=\"elementor-widget-container\">\n\t\t\t<h4 class=\"elementor-heading-title elementor-size-default\">Qu\u00edmica de los Pavimentos<\/h4>\t\t<\/div>\n\t\t\t\t<\/div>\n\t\t\t\t\t<\/div>\n\t\t<\/div>\n\t\t\t\t<div class=\"elementor-column elementor-col-50 elementor-top-column elementor-element elementor-element-7400dd92 elementor-invisible\" data-id=\"7400dd92\" data-element_type=\"column\" data-settings=\"{&quot;animation&quot;:&quot;fadeIn&quot;,&quot;animation_tablet&quot;:&quot;fadeIn&quot;,&quot;animation_mobile&quot;:&quot;none&quot;}\">\n\t\t\t<div class=\"elementor-widget-wrap elementor-element-populated\">\n\t\t\t\t\t\t<div class=\"elementor-element elementor-element-705e9ae elementor-widget elementor-widget-text-editor\" data-id=\"705e9ae\" data-element_type=\"widget\" data-settings=\"{&quot;_animation_mobile&quot;:&quot;none&quot;}\" data-widget_type=\"text-editor.default\">\n\t\t\t\t<div class=\"elementor-widget-container\">\n\t\t\t\t\t\t\t<div class=\"uk-margin uk-text-left@m uk-text-center uk-grid-match uk-child-width-1-1 uk-grid-large uk-grid-divider uk-scrollspy-inview uk-animation-slide-bottom-small uk-grid uk-grid-stack\"><div class=\"uk-first-column\"><div class=\"el-item uk-panel uk-scrollspy-inview uk-animation-slide-bottom-small\"><div class=\"uk-child-width-expand uk-grid-large uk-grid\"><div class=\"uk-first-column\"><div class=\"el-content uk-margin\"><div><p class=\"translation-block\">QDP Qu\u00edmica de los Pavimentos was founded in 1988 by Spanish specialists with extensive experience in cold technologies, both at the level of design and technical assistance and in the execution of works.<\/p><\/div><div class=\"translation-block\">The initial objective of QDP was to provide technical service to companies related to bituminous emulsions and their applications, developing specific products for these fields. In a first stage, its activities focused on technical advice to Spanish companies in the manufacture and spreading of grouts and cold microagglomerates, developing additives adapted to these applications.<\/div><div>\u00a0<\/div><\/div><\/div><\/div><\/div><\/div><\/div><div class=\"uk-margin uk-grid-match uk-child-width-1-1 uk-grid uk-scrollspy-inview uk-animation-slide-bottom-small uk-grid-stack\"><div class=\"uk-first-column\"><div class=\"el-item uk-panel uk-scrollspy-inview uk-animation-slide-bottom-small\"><div class=\"el-content uk-margin\"><div><p class=\"translation-block\">Starting in 1993, QDP began to manufacture on an industrial scale cationic emulsifiers for the manufacture of emulsions, additives to improve adhesiveness and other specialized products for applications that use bituminous binders.<\/p><p class=\"translation-block\">Qu\u00edmica de los Pavimentos designs these new products in continuous collaboration with its customers, according to their needs and specifically adapting them to the development of new applications. It currently has a complete range of products of its own design, for use in the construction of bituminous pavements, both cold and hot.<\/p><div class=\"translation-block\">During the last years, QDP has expanded its structure, its facilities and its field of activity. Since 1998 it has been widely introduced in the Portuguese market and currently supplies products to clients in the rest of Europe, Central America, Africa and India.<\/div><div>\u00a0<\/div><div class=\"translation-block\">Quimica de los Pavimentos puts its extensive experience at your disposal to help you solve your problems in bituminous binders and their applications both at the design, laboratory or execution level.<\/div><\/div><\/div><\/div><\/div><\/div>\t\t\t\t\t\t<\/div>\n\t\t\t\t<\/div>\n\t\t\t\t\t<\/div>\n\t\t<\/div>\n\t\t\t\t\t<\/div>\n\t\t<\/section>\n\t\t\t\t<section class=\"elementor-section elementor-top-section elementor-element elementor-element-38806ac5 elementor-section-boxed elementor-section-height-default elementor-section-height-default\" data-id=\"38806ac5\" data-element_type=\"section\">\n\t\t\t\t\t\t<div class=\"elementor-container elementor-column-gap-default\">\n\t\t\t\t\t<div class=\"elementor-column elementor-col-100 elementor-top-column elementor-element elementor-element-65e6bfa3\" data-id=\"65e6bfa3\" data-element_type=\"column\">\n\t\t\t<div class=\"elementor-widget-wrap elementor-element-populated\">\n\t\t\t\t\t\t<div class=\"elementor-element elementor-element-2ad7d96 elementor-widget elementor-widget-image\" data-id=\"2ad7d96\" data-element_type=\"widget\" data-widget_type=\"image.default\">\n\t\t\t\t<div class=\"elementor-widget-container\">\n\t\t\t\t\t\t\t\t\t\t\t\t\t<img fetchpriority=\"high\" decoding=\"async\" width=\"768\" height=\"278\" src=\"https:\/\/qdp.es\/wp-content\/uploads\/2020\/06\/logo-quimicas-alargado1_alargado1-768x278.png\" class=\"attachment-medium_large size-medium_large wp-image-617\" alt=\"\" srcset=\"https:\/\/qdp.es\/wp-content\/uploads\/2020\/06\/logo-quimicas-alargado1_alargado1-768x278.png 768w, https:\/\/qdp.es\/wp-content\/uploads\/2020\/06\/logo-quimicas-alargado1_alargado1-300x109.png 300w, https:\/\/qdp.es\/wp-content\/uploads\/2020\/06\/logo-quimicas-alargado1_alargado1-1024x371.png 1024w, https:\/\/qdp.es\/wp-content\/uploads\/2020\/06\/logo-quimicas-alargado1_alargado1-1536x557.png 1536w, https:\/\/qdp.es\/wp-content\/uploads\/2020\/06\/logo-quimicas-alargado1_alargado1-2048x742.png 2048w, https:\/\/qdp.es\/wp-content\/uploads\/2020\/06\/logo-quimicas-alargado1_alargado1-830x301.png 830w, https:\/\/qdp.es\/wp-content\/uploads\/2020\/06\/logo-quimicas-alargado1_alargado1-230x83.png 230w, https:\/\/qdp.es\/wp-content\/uploads\/2020\/06\/logo-quimicas-alargado1_alargado1-350x127.png 350w, https:\/\/qdp.es\/wp-content\/uploads\/2020\/06\/logo-quimicas-alargado1_alargado1-480x174.png 480w\" sizes=\"(max-width: 768px) 100vw, 768px\" \/>\t\t\t\t\t\t\t\t\t\t\t\t\t<\/div>\n\t\t\t\t<\/div>\n\t\t\t\t\t<\/div>\n\t\t<\/div>\n\t\t\t\t\t<\/div>\n\t\t<\/section>\n\t\t\t\t<\/div>","protected":false},"excerpt":{"rendered":"<p>Facebook Linkedin Qui\u00e9nes Somos Qu\u00edmica de los Pavimentos QDP Qu\u00edmica de los Pavimentos\u00a0fue fundada en 1988, por especialistas espa\u00f1oles de amplia experiencia [&hellip;]<\/p>\n","protected":false},"author":1,"featured_media":0,"parent":0,"menu_order":0,"comment_status":"closed","ping_status":"closed","template":"elementor_header_footer","meta":{"footnotes":""},"yoast_head":"<!-- This site is optimized with the Yoast SEO plugin v24.5 - https:\/\/yoast.com\/wordpress\/plugins\/seo\/ -->\n<title>Qu\u00edenes Somos - QDP<\/title>\n<meta name=\"description\" content=\"QDP pone a su disposici\u00f3n su amplia experiencia para ayudarle a resolver sus problemas en ligantes bituminosos y sus aplicaciones.\" \/>\n<meta name=\"robots\" content=\"index, follow, max-snippet:-1, max-image-preview:large, max-video-preview:-1\" \/>\n<link rel=\"canonical\" href=\"https:\/\/qdp.es\/en\/quienes-somos\/\" \/>\n<meta property=\"og:locale\" content=\"en_US\" \/>\n<meta property=\"og:type\" content=\"article\" \/>\n<meta property=\"og:title\" content=\"Qu\u00edenes Somos - QDP\" \/>\n<meta property=\"og:description\" content=\"QDP pone a su disposici\u00f3n su amplia experiencia para ayudarle a resolver sus problemas en ligantes bituminosos y sus aplicaciones.\" \/>\n<meta property=\"og:url\" content=\"https:\/\/qdp.es\/en\/quienes-somos\/\" \/>\n<meta property=\"og:site_name\" content=\"QDP\" \/>\n<meta property=\"article:publisher\" content=\"https:\/\/www.facebook.com\/profile.php?id=100007790017858\" \/>\n<meta property=\"article:modified_time\" content=\"2023-03-14T17:08:06+00:00\" \/>\n<meta property=\"og:image\" content=\"https:\/\/qdp.es\/wp-content\/uploads\/2020\/06\/logo-quimicas-alargado1_alargado1-768x278.png\" \/>\n<meta name=\"twitter:card\" content=\"summary_large_image\" \/>\n<meta name=\"twitter:label1\" content=\"Est. reading time\" \/>\n\t<meta name=\"twitter:data1\" content=\"2 minutes\" \/>\n<script type=\"application\/ld+json\" class=\"yoast-schema-graph\">{\"@context\":\"https:\/\/schema.org\",\"@graph\":[{\"@type\":\"WebPage\",\"@id\":\"https:\/\/qdp.es\/quienes-somos\/\",\"url\":\"https:\/\/qdp.es\/quienes-somos\/\",\"name\":\"Qu\u00edenes Somos - QDP\",\"isPartOf\":{\"@id\":\"https:\/\/qdp.es\/#website\"},\"primaryImageOfPage\":{\"@id\":\"https:\/\/qdp.es\/quienes-somos\/#primaryimage\"},\"image\":{\"@id\":\"https:\/\/qdp.es\/quienes-somos\/#primaryimage\"},\"thumbnailUrl\":\"https:\/\/qdp.es\/wp-content\/uploads\/2020\/06\/logo-quimicas-alargado1_alargado1-768x278.png\",\"datePublished\":\"2020-06-04T09:27:34+00:00\",\"dateModified\":\"2023-03-14T17:08:06+00:00\",\"description\":\"QDP pone a su disposici\u00f3n su amplia experiencia para ayudarle a resolver sus problemas en ligantes bituminosos y sus aplicaciones.\",\"breadcrumb\":{\"@id\":\"https:\/\/qdp.es\/quienes-somos\/#breadcrumb\"},\"inLanguage\":\"en-US\",\"potentialAction\":[{\"@type\":\"ReadAction\",\"target\":[\"https:\/\/qdp.es\/quienes-somos\/\"]}]},{\"@type\":\"ImageObject\",\"inLanguage\":\"en-US\",\"@id\":\"https:\/\/qdp.es\/quienes-somos\/#primaryimage\",\"url\":\"https:\/\/qdp.es\/wp-content\/uploads\/2020\/06\/logo-quimicas-alargado1_alargado1-768x278.png\",\"contentUrl\":\"https:\/\/qdp.es\/wp-content\/uploads\/2020\/06\/logo-quimicas-alargado1_alargado1-768x278.png\"},{\"@type\":\"BreadcrumbList\",\"@id\":\"https:\/\/qdp.es\/quienes-somos\/#breadcrumb\",\"itemListElement\":[{\"@type\":\"ListItem\",\"position\":1,\"name\":\"Portada\",\"item\":\"https:\/\/qdp.es\/\"},{\"@type\":\"ListItem\",\"position\":2,\"name\":\"Qu\u00edenes Somos\"}]},{\"@type\":\"WebSite\",\"@id\":\"https:\/\/qdp.es\/#website\",\"url\":\"https:\/\/qdp.es\/\",\"name\":\"QDP\",\"description\":\"Qu\u00edmica de los pavimentos\",\"publisher\":{\"@id\":\"https:\/\/qdp.es\/#organization\"},\"potentialAction\":[{\"@type\":\"SearchAction\",\"target\":{\"@type\":\"EntryPoint\",\"urlTemplate\":\"https:\/\/qdp.es\/?s={search_term_string}\"},\"query-input\":{\"@type\":\"PropertyValueSpecification\",\"valueRequired\":true,\"valueName\":\"search_term_string\"}}],\"inLanguage\":\"en-US\"},{\"@type\":\"Organization\",\"@id\":\"https:\/\/qdp.es\/#organization\",\"name\":\"Qu\u00edmica de los Pavimentos SA\",\"url\":\"https:\/\/qdp.es\/\",\"logo\":{\"@type\":\"ImageObject\",\"inLanguage\":\"en-US\",\"@id\":\"https:\/\/qdp.es\/#\/schema\/logo\/image\/\",\"url\":\"https:\/\/qdp.es\/wp-content\/uploads\/2020\/06\/cropped-imagotipo-quimicas_Mesa-de-trabajo-3_Mesa-de-trabajo-3.png\",\"contentUrl\":\"https:\/\/qdp.es\/wp-content\/uploads\/2020\/06\/cropped-imagotipo-quimicas_Mesa-de-trabajo-3_Mesa-de-trabajo-3.png\",\"width\":512,\"height\":512,\"caption\":\"Qu\u00edmica de los Pavimentos SA\"},\"image\":{\"@id\":\"https:\/\/qdp.es\/#\/schema\/logo\/image\/\"},\"sameAs\":[\"https:\/\/www.facebook.com\/profile.php?id=100007790017858\",\"https:\/\/www.linkedin.com\/company\/quimica-de-los-pavimentos\/about\/\"]}]}<\/script>\n<!-- \/ Yoast SEO plugin. -->","yoast_head_json":{"title":"Qu\u00edenes Somos - QDP","description":"QDP pone a su disposici\u00f3n su amplia experiencia para ayudarle a resolver sus problemas en ligantes bituminosos y sus aplicaciones.","robots":{"index":"index","follow":"follow","max-snippet":"max-snippet:-1","max-image-preview":"max-image-preview:large","max-video-preview":"max-video-preview:-1"},"canonical":"https:\/\/qdp.es\/en\/quienes-somos\/","og_locale":"en_US","og_type":"article","og_title":"Qu\u00edenes Somos - QDP","og_description":"QDP pone a su disposici\u00f3n su amplia experiencia para ayudarle a resolver sus problemas en ligantes bituminosos y sus aplicaciones.","og_url":"https:\/\/qdp.es\/en\/quienes-somos\/","og_site_name":"QDP","article_publisher":"https:\/\/www.facebook.com\/profile.php?id=100007790017858","article_modified_time":"2023-03-14T17:08:06+00:00","og_image":[{"url":"https:\/\/qdp.es\/wp-content\/uploads\/2020\/06\/logo-quimicas-alargado1_alargado1-768x278.png","type":"","width":"","height":""}],"twitter_card":"summary_large_image","twitter_misc":{"Est. reading time":"2 minutes"},"schema":{"@context":"https:\/\/schema.org","@graph":[{"@type":"WebPage","@id":"https:\/\/qdp.es\/quienes-somos\/","url":"https:\/\/qdp.es\/quienes-somos\/","name":"Qu\u00edenes Somos - QDP","isPartOf":{"@id":"https:\/\/qdp.es\/#website"},"primaryImageOfPage":{"@id":"https:\/\/qdp.es\/quienes-somos\/#primaryimage"},"image":{"@id":"https:\/\/qdp.es\/quienes-somos\/#primaryimage"},"thumbnailUrl":"https:\/\/qdp.es\/wp-content\/uploads\/2020\/06\/logo-quimicas-alargado1_alargado1-768x278.png","datePublished":"2020-06-04T09:27:34+00:00","dateModified":"2023-03-14T17:08:06+00:00","description":"QDP pone a su disposici\u00f3n su amplia experiencia para ayudarle a resolver sus problemas en ligantes bituminosos y sus aplicaciones.","breadcrumb":{"@id":"https:\/\/qdp.es\/quienes-somos\/#breadcrumb"},"inLanguage":"en-US","potentialAction":[{"@type":"ReadAction","target":["https:\/\/qdp.es\/quienes-somos\/"]}]},{"@type":"ImageObject","inLanguage":"en-US","@id":"https:\/\/qdp.es\/quienes-somos\/#primaryimage","url":"https:\/\/qdp.es\/wp-content\/uploads\/2020\/06\/logo-quimicas-alargado1_alargado1-768x278.png","contentUrl":"https:\/\/qdp.es\/wp-content\/uploads\/2020\/06\/logo-quimicas-alargado1_alargado1-768x278.png"},{"@type":"BreadcrumbList","@id":"https:\/\/qdp.es\/quienes-somos\/#breadcrumb","itemListElement":[{"@type":"ListItem","position":1,"name":"Portada","item":"https:\/\/qdp.es\/"},{"@type":"ListItem","position":2,"name":"Qu\u00edenes Somos"}]},{"@type":"WebSite","@id":"https:\/\/qdp.es\/#website","url":"https:\/\/qdp.es\/","name":"QDP","description":"Qu\u00edmica de los pavimentos","publisher":{"@id":"https:\/\/qdp.es\/#organization"},"potentialAction":[{"@type":"SearchAction","target":{"@type":"EntryPoint","urlTemplate":"https:\/\/qdp.es\/?s={search_term_string}"},"query-input":{"@type":"PropertyValueSpecification","valueRequired":true,"valueName":"search_term_string"}}],"inLanguage":"en-US"},{"@type":"Organization","@id":"https:\/\/qdp.es\/#organization","name":"Qu\u00edmica de los Pavimentos SA","url":"https:\/\/qdp.es\/","logo":{"@type":"ImageObject","inLanguage":"en-US","@id":"https:\/\/qdp.es\/#\/schema\/logo\/image\/","url":"https:\/\/qdp.es\/wp-content\/uploads\/2020\/06\/cropped-imagotipo-quimicas_Mesa-de-trabajo-3_Mesa-de-trabajo-3.png","contentUrl":"https:\/\/qdp.es\/wp-content\/uploads\/2020\/06\/cropped-imagotipo-quimicas_Mesa-de-trabajo-3_Mesa-de-trabajo-3.png","width":512,"height":512,"caption":"Qu\u00edmica de los Pavimentos SA"},"image":{"@id":"https:\/\/qdp.es\/#\/schema\/logo\/image\/"},"sameAs":["https:\/\/www.facebook.com\/profile.php?id=100007790017858","https:\/\/www.linkedin.com\/company\/quimica-de-los-pavimentos\/about\/"]}]}},"_links":{"self":[{"href":"https:\/\/qdp.es\/en\/wp-json\/wp\/v2\/pages\/586"}],"collection":[{"href":"https:\/\/qdp.es\/en\/wp-json\/wp\/v2\/pages"}],"about":[{"href":"https:\/\/qdp.es\/en\/wp-json\/wp\/v2\/types\/page"}],"author":[{"embeddable":true,"href":"https:\/\/qdp.es\/en\/wp-json\/wp\/v2\/users\/1"}],"replies":[{"embeddable":true,"href":"https:\/\/qdp.es\/en\/wp-json\/wp\/v2\/comments?post=586"}],"version-history":[{"count":224,"href":"https:\/\/qdp.es\/en\/wp-json\/wp\/v2\/pages\/586\/revisions"}],"predecessor-version":[{"id":2788,"href":"https:\/\/qdp.es\/en\/wp-json\/wp\/v2\/pages\/586\/revisions\/2788"}],"wp:attachment":[{"href":"https:\/\/qdp.es\/en\/wp-json\/wp\/v2\/media?parent=586"}],"curies":[{"name":"wp","href":"https:\/\/api.w.org\/{rel}","templated":true}]}}