{"id":3094,"date":"2023-11-23T15:14:48","date_gmt":"2023-11-23T15:14:48","guid":{"rendered":"https:\/\/qdp.es\/?page_id=3094"},"modified":"2025-12-05T06:55:37","modified_gmt":"2025-12-05T06:55:37","slug":"politica-integrada-de-calidad-y-medio-ambiente","status":"publish","type":"page","link":"https:\/\/qdp.es\/en\/politica-integrada-de-calidad-y-medio-ambiente\/","title":{"rendered":"Pol\u00edtica Integrada de Calidad y Medio Ambiente"},"content":{"rendered":"<p>Nuestra actividad principal se basa en la Fabricaci\u00f3n de agentes tensioactivos org\u00e1nicos para la producci\u00f3n de Emulsiones de Bet\u00fan, para la producci\u00f3n de Mezclas Asf\u00e1lticas en Fr\u00edo y Caliente y como aditivos polifuncionales durante el proceso de construcci\u00f3n de pavimentaciones para carreteras.<\/p>\n\n\n\n<p>Estamos comprometidos con satisfacer las necesidades de nuestros clientes, cumplir con los requisitos legales y garantizando los m\u00e1ximos niveles de Protecci\u00f3n Medioambiental.<\/p>\n\n\n\n<p>Para nosotros es muy importante:<\/p>\n\n\n\n<p>Mantener un Compromiso con el Medio Ambiente para preservar el entorno.<\/p>\n\n\n\n<p>Nos comprometemos a un uso eficaz de los recursos, optimizando el consumo de agua y envases, y apostando por los sistemas que permiten la reutilizaci\u00f3n de la energ\u00eda para minimizar las emisiones de CO<sub>2<\/sub>. Para esto nuestra f\u00e1brica solo utiliza energ\u00eda el\u00e9ctrica para el proceso de producci\u00f3n.<\/p>\n\n\n\n<p><a>El Equipo Humano que consideramos el Activo m\u00e1s importante de nuestra Compa\u00f1\u00eda.<\/a><\/p>\n\n\n\n<p>Nos comprometemos a proporcionar a nuestro personal un entorno laboral seguro y saludable, as\u00ed como a disponer de planes de formaci\u00f3n que favorezcan que el trabajo se realice de forma eficaz y segura.<\/p>\n\n\n\n<p>El Cumplimiento de la legislaci\u00f3n la Responsabilidad Diaria de todos. Nos comprometemos con el cumplimiento de las Leyes y los Reglamentos que nos aplican. Porque es una prioridad para todos garantizar la legalidad y seguridad de los productos que ofrecemos a nuestros clientes, controlamos su elaboraci\u00f3n en todas las fases, teniendo en cuenta para ello los procesos claves en la seguridad e involucrando a nuestros proveedores<\/p>\n\n\n\n<p>La filosof\u00eda de la Mejora Continua establecida en nuestra Compa\u00f1\u00eda.<\/p>\n\n\n\n<p>Pensando siempre en nuestros clientes, atendiendo sus necesidades, innovando d\u00eda a d\u00eda para poder ofrecerles una amplia gama de productos que resulten competitivos, y de calidad. La Pol\u00edtica de Mejora Continua ha sido adoptada como una aut\u00e9ntica filosof\u00eda de empresa.<\/p>\n\n\n\n<p>Aprobado por la Direcci\u00f3n en Villaluenga de la Sagra, Toledo a 02 de junio de 2025.<\/p>\n\n\n\n<p><\/p>","protected":false},"excerpt":{"rendered":"<p>Nuestra actividad principal se basa en la Fabricaci\u00f3n de agentes tensioactivos org\u00e1nicos para la producci\u00f3n de Emulsiones de Bet\u00fan, para la producci\u00f3n [&hellip;]<\/p>\n","protected":false},"author":6,"featured_media":0,"parent":0,"menu_order":0,"comment_status":"closed","ping_status":"closed","template":"","meta":{"footnotes":""},"yoast_head":"<!-- This site is optimized with the Yoast SEO plugin v24.5 - https:\/\/yoast.com\/wordpress\/plugins\/seo\/ -->\n<title>Pol\u00edtica Integrada de Calidad y Medio Ambiente - QDP<\/title>\n<meta name=\"robots\" content=\"index, follow, max-snippet:-1, max-image-preview:large, max-video-preview:-1\" \/>\n<link rel=\"canonical\" href=\"https:\/\/qdp.es\/en\/politica-integrada-de-calidad-y-medio-ambiente\/\" \/>\n<meta property=\"og:locale\" content=\"en_US\" \/>\n<meta property=\"og:type\" content=\"article\" \/>\n<meta property=\"og:title\" content=\"Pol\u00edtica Integrada de Calidad y Medio Ambiente - QDP\" \/>\n<meta property=\"og:description\" content=\"Nuestra actividad principal se basa en la Fabricaci\u00f3n de agentes tensioactivos org\u00e1nicos para la producci\u00f3n de Emulsiones de Bet\u00fan, para la producci\u00f3n [&hellip;]\" \/>\n<meta property=\"og:url\" content=\"https:\/\/qdp.es\/en\/politica-integrada-de-calidad-y-medio-ambiente\/\" \/>\n<meta property=\"og:site_name\" content=\"QDP\" \/>\n<meta property=\"article:publisher\" content=\"https:\/\/www.facebook.com\/profile.php?id=100007790017858\" \/>\n<meta property=\"article:modified_time\" content=\"2025-12-05T06:55:37+00:00\" \/>\n<meta property=\"og:image\" content=\"https:\/\/qdp.es\/wp-content\/uploads\/2020\/06\/logo-quimicas-alargado1_alargado1.png\" \/>\n\t<meta property=\"og:image:width\" content=\"5150\" \/>\n\t<meta property=\"og:image:height\" content=\"1867\" \/>\n\t<meta property=\"og:image:type\" content=\"image\/png\" \/>\n<meta name=\"twitter:card\" content=\"summary_large_image\" \/>\n<meta name=\"twitter:label1\" content=\"Est. reading time\" \/>\n\t<meta name=\"twitter:data1\" content=\"2 minutes\" \/>\n<script type=\"application\/ld+json\" class=\"yoast-schema-graph\">{\"@context\":\"https:\/\/schema.org\",\"@graph\":[{\"@type\":\"WebPage\",\"@id\":\"https:\/\/qdp.es\/politica-integrada-de-calidad-y-medio-ambiente\/\",\"url\":\"https:\/\/qdp.es\/politica-integrada-de-calidad-y-medio-ambiente\/\",\"name\":\"Pol\u00edtica Integrada de Calidad y Medio Ambiente - QDP\",\"isPartOf\":{\"@id\":\"https:\/\/qdp.es\/#website\"},\"datePublished\":\"2023-11-23T15:14:48+00:00\",\"dateModified\":\"2025-12-05T06:55:37+00:00\",\"breadcrumb\":{\"@id\":\"https:\/\/qdp.es\/politica-integrada-de-calidad-y-medio-ambiente\/#breadcrumb\"},\"inLanguage\":\"en-US\",\"potentialAction\":[{\"@type\":\"ReadAction\",\"target\":[\"https:\/\/qdp.es\/politica-integrada-de-calidad-y-medio-ambiente\/\"]}]},{\"@type\":\"BreadcrumbList\",\"@id\":\"https:\/\/qdp.es\/politica-integrada-de-calidad-y-medio-ambiente\/#breadcrumb\",\"itemListElement\":[{\"@type\":\"ListItem\",\"position\":1,\"name\":\"Portada\",\"item\":\"https:\/\/qdp.es\/\"},{\"@type\":\"ListItem\",\"position\":2,\"name\":\"Pol\u00edtica Integrada de Calidad y Medio Ambiente\"}]},{\"@type\":\"WebSite\",\"@id\":\"https:\/\/qdp.es\/#website\",\"url\":\"https:\/\/qdp.es\/\",\"name\":\"QDP\",\"description\":\"Qu\u00edmica de los pavimentos\",\"publisher\":{\"@id\":\"https:\/\/qdp.es\/#organization\"},\"potentialAction\":[{\"@type\":\"SearchAction\",\"target\":{\"@type\":\"EntryPoint\",\"urlTemplate\":\"https:\/\/qdp.es\/?s={search_term_string}\"},\"query-input\":{\"@type\":\"PropertyValueSpecification\",\"valueRequired\":true,\"valueName\":\"search_term_string\"}}],\"inLanguage\":\"en-US\"},{\"@type\":\"Organization\",\"@id\":\"https:\/\/qdp.es\/#organization\",\"name\":\"Qu\u00edmica de los Pavimentos SA\",\"url\":\"https:\/\/qdp.es\/\",\"logo\":{\"@type\":\"ImageObject\",\"inLanguage\":\"en-US\",\"@id\":\"https:\/\/qdp.es\/#\/schema\/logo\/image\/\",\"url\":\"https:\/\/qdp.es\/wp-content\/uploads\/2020\/06\/cropped-imagotipo-quimicas_Mesa-de-trabajo-3_Mesa-de-trabajo-3.png\",\"contentUrl\":\"https:\/\/qdp.es\/wp-content\/uploads\/2020\/06\/cropped-imagotipo-quimicas_Mesa-de-trabajo-3_Mesa-de-trabajo-3.png\",\"width\":512,\"height\":512,\"caption\":\"Qu\u00edmica de los Pavimentos SA\"},\"image\":{\"@id\":\"https:\/\/qdp.es\/#\/schema\/logo\/image\/\"},\"sameAs\":[\"https:\/\/www.facebook.com\/profile.php?id=100007790017858\",\"https:\/\/www.linkedin.com\/company\/quimica-de-los-pavimentos\/about\/\"]}]}<\/script>\n<!-- \/ Yoast SEO plugin. -->","yoast_head_json":{"title":"Pol\u00edtica Integrada de Calidad y Medio Ambiente - QDP","robots":{"index":"index","follow":"follow","max-snippet":"max-snippet:-1","max-image-preview":"max-image-preview:large","max-video-preview":"max-video-preview:-1"},"canonical":"https:\/\/qdp.es\/en\/politica-integrada-de-calidad-y-medio-ambiente\/","og_locale":"en_US","og_type":"article","og_title":"Pol\u00edtica Integrada de Calidad y Medio Ambiente - QDP","og_description":"Nuestra actividad principal se basa en la Fabricaci\u00f3n de agentes tensioactivos org\u00e1nicos para la producci\u00f3n de Emulsiones de Bet\u00fan, para la producci\u00f3n [&hellip;]","og_url":"https:\/\/qdp.es\/en\/politica-integrada-de-calidad-y-medio-ambiente\/","og_site_name":"QDP","article_publisher":"https:\/\/www.facebook.com\/profile.php?id=100007790017858","article_modified_time":"2025-12-05T06:55:37+00:00","og_image":[{"width":5150,"height":1867,"url":"https:\/\/qdp.es\/wp-content\/uploads\/2020\/06\/logo-quimicas-alargado1_alargado1.png","type":"image\/png"}],"twitter_card":"summary_large_image","twitter_misc":{"Est. reading time":"2 minutes"},"schema":{"@context":"https:\/\/schema.org","@graph":[{"@type":"WebPage","@id":"https:\/\/qdp.es\/politica-integrada-de-calidad-y-medio-ambiente\/","url":"https:\/\/qdp.es\/politica-integrada-de-calidad-y-medio-ambiente\/","name":"Pol\u00edtica Integrada de Calidad y Medio Ambiente - QDP","isPartOf":{"@id":"https:\/\/qdp.es\/#website"},"datePublished":"2023-11-23T15:14:48+00:00","dateModified":"2025-12-05T06:55:37+00:00","breadcrumb":{"@id":"https:\/\/qdp.es\/politica-integrada-de-calidad-y-medio-ambiente\/#breadcrumb"},"inLanguage":"en-US","potentialAction":[{"@type":"ReadAction","target":["https:\/\/qdp.es\/politica-integrada-de-calidad-y-medio-ambiente\/"]}]},{"@type":"BreadcrumbList","@id":"https:\/\/qdp.es\/politica-integrada-de-calidad-y-medio-ambiente\/#breadcrumb","itemListElement":[{"@type":"ListItem","position":1,"name":"Portada","item":"https:\/\/qdp.es\/"},{"@type":"ListItem","position":2,"name":"Pol\u00edtica Integrada de Calidad y Medio Ambiente"}]},{"@type":"WebSite","@id":"https:\/\/qdp.es\/#website","url":"https:\/\/qdp.es\/","name":"QDP","description":"Qu\u00edmica de los pavimentos","publisher":{"@id":"https:\/\/qdp.es\/#organization"},"potentialAction":[{"@type":"SearchAction","target":{"@type":"EntryPoint","urlTemplate":"https:\/\/qdp.es\/?s={search_term_string}"},"query-input":{"@type":"PropertyValueSpecification","valueRequired":true,"valueName":"search_term_string"}}],"inLanguage":"en-US"},{"@type":"Organization","@id":"https:\/\/qdp.es\/#organization","name":"Qu\u00edmica de los Pavimentos SA","url":"https:\/\/qdp.es\/","logo":{"@type":"ImageObject","inLanguage":"en-US","@id":"https:\/\/qdp.es\/#\/schema\/logo\/image\/","url":"https:\/\/qdp.es\/wp-content\/uploads\/2020\/06\/cropped-imagotipo-quimicas_Mesa-de-trabajo-3_Mesa-de-trabajo-3.png","contentUrl":"https:\/\/qdp.es\/wp-content\/uploads\/2020\/06\/cropped-imagotipo-quimicas_Mesa-de-trabajo-3_Mesa-de-trabajo-3.png","width":512,"height":512,"caption":"Qu\u00edmica de los Pavimentos SA"},"image":{"@id":"https:\/\/qdp.es\/#\/schema\/logo\/image\/"},"sameAs":["https:\/\/www.facebook.com\/profile.php?id=100007790017858","https:\/\/www.linkedin.com\/company\/quimica-de-los-pavimentos\/about\/"]}]}},"_links":{"self":[{"href":"https:\/\/qdp.es\/en\/wp-json\/wp\/v2\/pages\/3094"}],"collection":[{"href":"https:\/\/qdp.es\/en\/wp-json\/wp\/v2\/pages"}],"about":[{"href":"https:\/\/qdp.es\/en\/wp-json\/wp\/v2\/types\/page"}],"author":[{"embeddable":true,"href":"https:\/\/qdp.es\/en\/wp-json\/wp\/v2\/users\/6"}],"replies":[{"embeddable":true,"href":"https:\/\/qdp.es\/en\/wp-json\/wp\/v2\/comments?post=3094"}],"version-history":[{"count":3,"href":"https:\/\/qdp.es\/en\/wp-json\/wp\/v2\/pages\/3094\/revisions"}],"predecessor-version":[{"id":3632,"href":"https:\/\/qdp.es\/en\/wp-json\/wp\/v2\/pages\/3094\/revisions\/3632"}],"wp:attachment":[{"href":"https:\/\/qdp.es\/en\/wp-json\/wp\/v2\/media?parent=3094"}],"curies":[{"name":"wp","href":"https:\/\/api.w.org\/{rel}","templated":true}]}}