{"id":2924,"date":"2023-11-06T10:38:43","date_gmt":"2023-11-06T10:38:43","guid":{"rendered":"https:\/\/qdp.es\/?page_id=2924"},"modified":"2023-11-23T14:45:19","modified_gmt":"2023-11-23T14:45:19","slug":"politica-ambiental","status":"publish","type":"page","link":"https:\/\/qdp.es\/en\/politica-ambiental\/","title":{"rendered":"Pol\u00edtica Ambiental"},"content":{"rendered":"<div data-elementor-type=\"wp-page\" data-elementor-id=\"2924\" class=\"elementor elementor-2924\">\n\t\t\t\t\t\t<section class=\"elementor-section elementor-top-section elementor-element elementor-element-45eaa4c1 elementor-section-boxed elementor-section-height-default elementor-section-height-default\" data-id=\"45eaa4c1\" data-element_type=\"section\">\n\t\t\t\t\t\t<div class=\"elementor-container elementor-column-gap-default\">\n\t\t\t\t\t<div class=\"elementor-column elementor-col-100 elementor-top-column elementor-element elementor-element-189157f8\" data-id=\"189157f8\" data-element_type=\"column\">\n\t\t\t<div class=\"elementor-widget-wrap elementor-element-populated\">\n\t\t\t\t\t\t<div class=\"elementor-element elementor-element-61d7d48d elementor-widget__width-initial elementor-widget elementor-widget-text-editor\" data-id=\"61d7d48d\" data-element_type=\"widget\" data-widget_type=\"text-editor.default\">\n\t\t\t\t<div class=\"elementor-widget-container\">\n\t\t\t\t\t\t\t<p><!-- wp:paragraph --><\/p>\n<p><span style=\"color: #003300;\">REGARDING THE INTERNATIONAL STANDARD ISO 14001 IN FORCE AND WITHIN THE SCOPE OF APPLICATION OF THE INTEGRAL MANAGEMENT SYSTEM, QU\u00cdMICA DE PAVIMENTOS, S.A PUBLISHES ON ITS WEBSITE, AVAILABLE TO ALL INTERESTED PARTIES, RELEVANT INFORMATION ON THE ENVIRONMENTAL ASPECTS IDENTIFIED AND EVALUATED IN THE DEVELOPMENT OF ITS ACTIVITY. WE WILL KEEP THIS INFORMATION UPDATED BASED ON SUBSTANTIAL CHANGES IN YOUR ACTIVITY OR NEW ACTIVITIES OR SERVICES THAT MAY BE DEVELOPED.<\/span><\/p>\n<p><span style=\"color: #003300;\"><!-- \/wp:paragraph --><!-- wp:paragraph --><\/span><\/p>\n<p><span style=\"color: #003300;\">La Norma Internacional ISO 14001 define aspecto ambiental como \u201cElemento de las actividades, productos o servicios de una organizaci\u00f3n que puede interactuar con el medio ambiente. La misma norma define impacto ambiental como \u201ccualquier cambio en el medio ambiente, ya sea adverso o beneficioso, como resultado total o parcial de los aspectos ambientales de una organizaci\u00f3n\u201d.<\/span><\/p>\n<p><!-- \/wp:paragraph --><!-- wp:image {\"align\":\"center\",\"id\":2929,\"sizeSlug\":\"full\",\"linkDestination\":\"none\"} --><\/p>\n<figure class=\"wp-block-image aligncenter size-full\"><img fetchpriority=\"high\" decoding=\"async\" width=\"602\" height=\"523\" class=\"wp-image-2929 alignnone\" src=\"https:\/\/qdp.es\/wp-content\/uploads\/2023\/11\/Politica-Ambiental.png\" alt=\"\" srcset=\"https:\/\/qdp.es\/wp-content\/uploads\/2023\/11\/Politica-Ambiental.png 602w, https:\/\/qdp.es\/wp-content\/uploads\/2023\/11\/Politica-Ambiental-300x261.png 300w, https:\/\/qdp.es\/wp-content\/uploads\/2023\/11\/Politica-Ambiental-14x12.png 14w, https:\/\/qdp.es\/wp-content\/uploads\/2023\/11\/Politica-Ambiental-230x200.png 230w, https:\/\/qdp.es\/wp-content\/uploads\/2023\/11\/Politica-Ambiental-350x304.png 350w, https:\/\/qdp.es\/wp-content\/uploads\/2023\/11\/Politica-Ambiental-480x417.png 480w\" sizes=\"(max-width: 602px) 100vw, 602px\" \/><\/figure>\n<p><!-- \/wp:image --><!-- wp:paragraph {\"align\":\"center\"} --><\/p>\n<p class=\"has-text-align-center\"><span style=\"color: #003300;\">\u00a0<\/span><\/p>\n<p class=\"has-text-align-center\"><span style=\"color: #003300;\">ASPECTOS E IMPACTOS AMBIENTALES EN QU\u00cdMICA DE PAVIMENTOS S.A<\/span><\/p>\n<p><span style=\"color: #003300;\"><!-- \/wp:paragraph --><!-- wp:paragraph --><\/span><\/p>\n<p><span style=\"color: #003300;\">WE ASSESS ENVIRONMENTAL IMPACTS ANNUALLY BASED ON NATURE, MAGNITUDE AND TOXICITY\/DANGEROUSNESS CRITERIA, AND WE ACT ON ALL ENVIRONMENTAL ASPECTS WITH A HIGH LEVEL OF SIGNIFICANCE WITHIN THE SCALE OF OUR PROCEDURES.<\/span><\/p>\n<p><!-- \/wp:paragraph --><\/p>\t\t\t\t\t\t<\/div>\n\t\t\t\t<\/div>\n\t\t\t\t\t<\/div>\n\t\t<\/div>\n\t\t\t\t\t<\/div>\n\t\t<\/section>\n\t\t\t\t<\/div>","protected":false},"excerpt":{"rendered":"<p>Referente a la Norma Internacional ISO 14001 en vigor y dentro del \u00e1mbito de aplicaci\u00f3n del Sistema de gesti\u00f3n Integral, QU\u00cdMICA DE [&hellip;]<\/p>\n","protected":false},"author":6,"featured_media":0,"parent":0,"menu_order":0,"comment_status":"closed","ping_status":"closed","template":"","meta":{"footnotes":""},"yoast_head":"<!-- This site is optimized with the Yoast SEO plugin v24.5 - https:\/\/yoast.com\/wordpress\/plugins\/seo\/ -->\n<title>Pol\u00edtica Ambiental - QDP<\/title>\n<meta name=\"robots\" content=\"index, follow, max-snippet:-1, max-image-preview:large, max-video-preview:-1\" \/>\n<link rel=\"canonical\" href=\"https:\/\/qdp.es\/en\/politica-ambiental\/\" \/>\n<meta property=\"og:locale\" content=\"en_US\" \/>\n<meta property=\"og:type\" content=\"article\" \/>\n<meta property=\"og:title\" content=\"Pol\u00edtica Ambiental - QDP\" \/>\n<meta property=\"og:description\" content=\"Referente a la Norma Internacional ISO 14001 en vigor y dentro del \u00e1mbito de aplicaci\u00f3n del Sistema de gesti\u00f3n Integral, QU\u00cdMICA DE [&hellip;]\" \/>\n<meta property=\"og:url\" content=\"https:\/\/qdp.es\/en\/politica-ambiental\/\" \/>\n<meta property=\"og:site_name\" content=\"QDP\" \/>\n<meta property=\"article:publisher\" content=\"https:\/\/www.facebook.com\/profile.php?id=100007790017858\" \/>\n<meta property=\"article:modified_time\" content=\"2023-11-23T14:45:19+00:00\" \/>\n<meta property=\"og:image\" content=\"https:\/\/qdp.es\/wp-content\/uploads\/2023\/11\/Politica-Ambiental.png\" \/>\n<meta name=\"twitter:card\" content=\"summary_large_image\" \/>\n<meta name=\"twitter:label1\" content=\"Est. reading time\" \/>\n\t<meta name=\"twitter:data1\" content=\"2 minutes\" \/>\n<script type=\"application\/ld+json\" class=\"yoast-schema-graph\">{\"@context\":\"https:\/\/schema.org\",\"@graph\":[{\"@type\":\"WebPage\",\"@id\":\"https:\/\/qdp.es\/politica-ambiental\/\",\"url\":\"https:\/\/qdp.es\/politica-ambiental\/\",\"name\":\"Pol\u00edtica Ambiental - QDP\",\"isPartOf\":{\"@id\":\"https:\/\/qdp.es\/#website\"},\"primaryImageOfPage\":{\"@id\":\"https:\/\/qdp.es\/politica-ambiental\/#primaryimage\"},\"image\":{\"@id\":\"https:\/\/qdp.es\/politica-ambiental\/#primaryimage\"},\"thumbnailUrl\":\"https:\/\/qdp.es\/wp-content\/uploads\/2023\/11\/Politica-Ambiental.png\",\"datePublished\":\"2023-11-06T10:38:43+00:00\",\"dateModified\":\"2023-11-23T14:45:19+00:00\",\"breadcrumb\":{\"@id\":\"https:\/\/qdp.es\/politica-ambiental\/#breadcrumb\"},\"inLanguage\":\"en-US\",\"potentialAction\":[{\"@type\":\"ReadAction\",\"target\":[\"https:\/\/qdp.es\/politica-ambiental\/\"]}]},{\"@type\":\"ImageObject\",\"inLanguage\":\"en-US\",\"@id\":\"https:\/\/qdp.es\/politica-ambiental\/#primaryimage\",\"url\":\"https:\/\/qdp.es\/wp-content\/uploads\/2023\/11\/Politica-Ambiental.png\",\"contentUrl\":\"https:\/\/qdp.es\/wp-content\/uploads\/2023\/11\/Politica-Ambiental.png\"},{\"@type\":\"BreadcrumbList\",\"@id\":\"https:\/\/qdp.es\/politica-ambiental\/#breadcrumb\",\"itemListElement\":[{\"@type\":\"ListItem\",\"position\":1,\"name\":\"Portada\",\"item\":\"https:\/\/qdp.es\/\"},{\"@type\":\"ListItem\",\"position\":2,\"name\":\"Pol\u00edtica Ambiental\"}]},{\"@type\":\"WebSite\",\"@id\":\"https:\/\/qdp.es\/#website\",\"url\":\"https:\/\/qdp.es\/\",\"name\":\"QDP\",\"description\":\"Qu\u00edmica de los pavimentos\",\"publisher\":{\"@id\":\"https:\/\/qdp.es\/#organization\"},\"potentialAction\":[{\"@type\":\"SearchAction\",\"target\":{\"@type\":\"EntryPoint\",\"urlTemplate\":\"https:\/\/qdp.es\/?s={search_term_string}\"},\"query-input\":{\"@type\":\"PropertyValueSpecification\",\"valueRequired\":true,\"valueName\":\"search_term_string\"}}],\"inLanguage\":\"en-US\"},{\"@type\":\"Organization\",\"@id\":\"https:\/\/qdp.es\/#organization\",\"name\":\"Qu\u00edmica de los Pavimentos SA\",\"url\":\"https:\/\/qdp.es\/\",\"logo\":{\"@type\":\"ImageObject\",\"inLanguage\":\"en-US\",\"@id\":\"https:\/\/qdp.es\/#\/schema\/logo\/image\/\",\"url\":\"https:\/\/qdp.es\/wp-content\/uploads\/2020\/06\/cropped-imagotipo-quimicas_Mesa-de-trabajo-3_Mesa-de-trabajo-3.png\",\"contentUrl\":\"https:\/\/qdp.es\/wp-content\/uploads\/2020\/06\/cropped-imagotipo-quimicas_Mesa-de-trabajo-3_Mesa-de-trabajo-3.png\",\"width\":512,\"height\":512,\"caption\":\"Qu\u00edmica de los Pavimentos SA\"},\"image\":{\"@id\":\"https:\/\/qdp.es\/#\/schema\/logo\/image\/\"},\"sameAs\":[\"https:\/\/www.facebook.com\/profile.php?id=100007790017858\",\"https:\/\/www.linkedin.com\/company\/quimica-de-los-pavimentos\/about\/\"]}]}<\/script>\n<!-- \/ Yoast SEO plugin. -->","yoast_head_json":{"title":"Pol\u00edtica Ambiental - QDP","robots":{"index":"index","follow":"follow","max-snippet":"max-snippet:-1","max-image-preview":"max-image-preview:large","max-video-preview":"max-video-preview:-1"},"canonical":"https:\/\/qdp.es\/en\/politica-ambiental\/","og_locale":"en_US","og_type":"article","og_title":"Pol\u00edtica Ambiental - QDP","og_description":"Referente a la Norma Internacional ISO 14001 en vigor y dentro del \u00e1mbito de aplicaci\u00f3n del Sistema de gesti\u00f3n Integral, QU\u00cdMICA DE [&hellip;]","og_url":"https:\/\/qdp.es\/en\/politica-ambiental\/","og_site_name":"QDP","article_publisher":"https:\/\/www.facebook.com\/profile.php?id=100007790017858","article_modified_time":"2023-11-23T14:45:19+00:00","og_image":[{"url":"https:\/\/qdp.es\/wp-content\/uploads\/2023\/11\/Politica-Ambiental.png","type":"","width":"","height":""}],"twitter_card":"summary_large_image","twitter_misc":{"Est. reading time":"2 minutes"},"schema":{"@context":"https:\/\/schema.org","@graph":[{"@type":"WebPage","@id":"https:\/\/qdp.es\/politica-ambiental\/","url":"https:\/\/qdp.es\/politica-ambiental\/","name":"Pol\u00edtica Ambiental - QDP","isPartOf":{"@id":"https:\/\/qdp.es\/#website"},"primaryImageOfPage":{"@id":"https:\/\/qdp.es\/politica-ambiental\/#primaryimage"},"image":{"@id":"https:\/\/qdp.es\/politica-ambiental\/#primaryimage"},"thumbnailUrl":"https:\/\/qdp.es\/wp-content\/uploads\/2023\/11\/Politica-Ambiental.png","datePublished":"2023-11-06T10:38:43+00:00","dateModified":"2023-11-23T14:45:19+00:00","breadcrumb":{"@id":"https:\/\/qdp.es\/politica-ambiental\/#breadcrumb"},"inLanguage":"en-US","potentialAction":[{"@type":"ReadAction","target":["https:\/\/qdp.es\/politica-ambiental\/"]}]},{"@type":"ImageObject","inLanguage":"en-US","@id":"https:\/\/qdp.es\/politica-ambiental\/#primaryimage","url":"https:\/\/qdp.es\/wp-content\/uploads\/2023\/11\/Politica-Ambiental.png","contentUrl":"https:\/\/qdp.es\/wp-content\/uploads\/2023\/11\/Politica-Ambiental.png"},{"@type":"BreadcrumbList","@id":"https:\/\/qdp.es\/politica-ambiental\/#breadcrumb","itemListElement":[{"@type":"ListItem","position":1,"name":"Portada","item":"https:\/\/qdp.es\/"},{"@type":"ListItem","position":2,"name":"Pol\u00edtica Ambiental"}]},{"@type":"WebSite","@id":"https:\/\/qdp.es\/#website","url":"https:\/\/qdp.es\/","name":"QDP","description":"Qu\u00edmica de los pavimentos","publisher":{"@id":"https:\/\/qdp.es\/#organization"},"potentialAction":[{"@type":"SearchAction","target":{"@type":"EntryPoint","urlTemplate":"https:\/\/qdp.es\/?s={search_term_string}"},"query-input":{"@type":"PropertyValueSpecification","valueRequired":true,"valueName":"search_term_string"}}],"inLanguage":"en-US"},{"@type":"Organization","@id":"https:\/\/qdp.es\/#organization","name":"Qu\u00edmica de los Pavimentos SA","url":"https:\/\/qdp.es\/","logo":{"@type":"ImageObject","inLanguage":"en-US","@id":"https:\/\/qdp.es\/#\/schema\/logo\/image\/","url":"https:\/\/qdp.es\/wp-content\/uploads\/2020\/06\/cropped-imagotipo-quimicas_Mesa-de-trabajo-3_Mesa-de-trabajo-3.png","contentUrl":"https:\/\/qdp.es\/wp-content\/uploads\/2020\/06\/cropped-imagotipo-quimicas_Mesa-de-trabajo-3_Mesa-de-trabajo-3.png","width":512,"height":512,"caption":"Qu\u00edmica de los Pavimentos SA"},"image":{"@id":"https:\/\/qdp.es\/#\/schema\/logo\/image\/"},"sameAs":["https:\/\/www.facebook.com\/profile.php?id=100007790017858","https:\/\/www.linkedin.com\/company\/quimica-de-los-pavimentos\/about\/"]}]}},"_links":{"self":[{"href":"https:\/\/qdp.es\/en\/wp-json\/wp\/v2\/pages\/2924"}],"collection":[{"href":"https:\/\/qdp.es\/en\/wp-json\/wp\/v2\/pages"}],"about":[{"href":"https:\/\/qdp.es\/en\/wp-json\/wp\/v2\/types\/page"}],"author":[{"embeddable":true,"href":"https:\/\/qdp.es\/en\/wp-json\/wp\/v2\/users\/6"}],"replies":[{"embeddable":true,"href":"https:\/\/qdp.es\/en\/wp-json\/wp\/v2\/comments?post=2924"}],"version-history":[{"count":9,"href":"https:\/\/qdp.es\/en\/wp-json\/wp\/v2\/pages\/2924\/revisions"}],"predecessor-version":[{"id":3084,"href":"https:\/\/qdp.es\/en\/wp-json\/wp\/v2\/pages\/2924\/revisions\/3084"}],"wp:attachment":[{"href":"https:\/\/qdp.es\/en\/wp-json\/wp\/v2\/media?parent=2924"}],"curies":[{"name":"wp","href":"https:\/\/api.w.org\/{rel}","templated":true}]}}