{"id":2919,"date":"2023-11-23T15:06:33","date_gmt":"2023-11-23T15:06:33","guid":{"rendered":"https:\/\/qdp.es\/?page_id=2919"},"modified":"2024-12-03T09:28:27","modified_gmt":"2024-12-03T09:28:27","slug":"comunicacion-de-aspectos-ambientales","status":"publish","type":"page","link":"https:\/\/qdp.es\/en\/comunicacion-de-aspectos-ambientales\/","title":{"rendered":"Comunicaci\u00f3n de Aspectos Ambientales"},"content":{"rendered":"<div data-elementor-type=\"wp-page\" data-elementor-id=\"2919\" class=\"elementor elementor-2919\">\n\t\t\t\t\t\t<section class=\"elementor-section elementor-top-section elementor-element elementor-element-4c475fa elementor-section-boxed elementor-section-height-default elementor-section-height-default\" data-id=\"4c475fa\" data-element_type=\"section\">\n\t\t\t\t\t\t<div class=\"elementor-container elementor-column-gap-default\">\n\t\t\t\t\t<div class=\"elementor-column elementor-col-100 elementor-top-column elementor-element elementor-element-2b9b5bde\" data-id=\"2b9b5bde\" data-element_type=\"column\">\n\t\t\t<div class=\"elementor-widget-wrap elementor-element-populated\">\n\t\t\t\t\t\t<div class=\"elementor-element elementor-element-23fe25ef elementor-widget elementor-widget-text-editor\" data-id=\"23fe25ef\" data-element_type=\"widget\" data-widget_type=\"text-editor.default\">\n\t\t\t\t<div class=\"elementor-widget-container\">\n\t\t\t\t\t\t\t<p><!-- wp:paragraph --><\/p>\n<p style=\"color: black;\">Referente a la Norma Internacional ISO 14001 en vigor y dentro del \u00e1mbito de aplicaci\u00f3n del Sistema de gesti\u00f3n Integral, QU\u00cdMICA DE PAVIMENTOS, S.A publica en su p\u00e1gina Web a disposici\u00f3n de todas las Partes Interesadas, informaci\u00f3n relevante sobre los aspectos ambientales identificados y evaluados en el desarrollo de su actividad. Esta informaci\u00f3n la mantendremos actualizada en base a cambios sustanciales en su actividad o de nuevas actividades o servicios que se puedan desarrollar<\/p>\n<p><!-- \/wp:paragraph -->\n\n<!-- wp:paragraph --><\/p>\n<p style=\"color: black;\">La Norma Internacional ISO 14001 define aspecto ambiental como \u201cElemento de las actividades, productos o servicios de una organizaci\u00f3n que puede interactuar con el medio ambiente. La misma norma define impacto ambiental como \u201ccualquier cambio en el medio ambiente, ya sea adverso o beneficioso, como resultado total o parcial de los aspectos ambientales de una organizaci\u00f3n\u201d.\u00a0<\/p>\n<p><!-- \/wp:paragraph -->\n\n<!-- wp:paragraph {\"align\":\"center\"} --><\/p>\n<h2 style=\"color: green; text-align: center;\">ASPECTOS E IMPACTOS AMBIENTALES EN QU\u00cdMICA DE PAVIMENTOS S.A<\/h2>\n<p><!-- \/wp:paragraph -->\n\n<!-- wp:table --><\/p>\n<figure>\n<table style=\"color: black; background-color: black; padding: 0.1px;\">\n<tbody>\n<tr>\n<td style=\"padding: 5px; color: white; background-color: darkgreen;\"><strong>ASPECTOS AMBIENTALES PRINCIPALES<br \/><\/strong><\/td>\n<td style=\"padding: 5px; color: white; background-color: darkgreen;\"><strong>ASSOCIATED ENVIRONMENTAL IMPACT<\/strong><\/td>\n<td style=\"padding: 5px; color: white; background-color: darkgreen;\"><strong>ACTIVITY<\/strong><\/td>\n<\/tr>\n<tr>\n<td style=\"padding: 5px; background-color: white;\">Water consumtion<\/td>\n<td style=\"padding: 5px; background-color: white;\">Depletion of natural resources<\/td>\n<td style=\"padding: 5px; background-color: white;\">Manufacturing, laboratory, toilets and cleaning<\/td>\n<\/tr>\n<tr>\n<td style=\"padding: 5px; background-color: white;\">Electrical consumtion<\/td>\n<td style=\"padding: 5px; background-color: white;\">Depletion of natural resources<\/td>\n<td style=\"padding: 5px; background-color: white;\">Manufacturing, laboratory, and offices<\/td>\n<\/tr>\n<tr>\n<td style=\"padding: 5px; background-color: white;\">Consumption of fuels derived from petroleum<\/td>\n<td style=\"padding: 5px; background-color: white;\">Depletion of natural resources<\/td>\n<td style=\"padding: 5px; background-color: white;\">Manufacturing<\/td>\n<\/tr>\n<tr>\n<td style=\"padding: 5px; background-color: white;\">Generation of contaminated packaging (Hazardous Waste)<\/td>\n<td style=\"padding: 5px; background-color: white;\">Soil contamination<\/td>\n<td style=\"padding: 5px; background-color: white;\">Manufacturing<\/td>\n<\/tr>\n<tr>\n<td style=\"padding: 5px; background-color: white;\">Generation of contaminated rags and absorbents (Hazardous Waste)<\/td>\n<td style=\"padding: 5px; background-color: white;\">Soil contamination<\/td>\n<td style=\"padding: 5px; background-color: white;\">Manufacturing and laboratory<\/td>\n<\/tr>\n<tr>\n<td style=\"padding: 5px; background-color: white;\">Generation of non-hazardous waste (cardboard and paper, plastic, \u2026)<\/td>\n<td style=\"padding: 5px; background-color: white;\">Soil contamination<\/td>\n<td style=\"padding: 5px; background-color: white;\">Manufacturing, laboratory and administration<\/td>\n<\/tr>\n<tr>\n<td style=\"padding: 5px; background-color: white;\">Noise generation<\/td>\n<td style=\"padding: 5px; background-color: white;\">Environmental pollution<\/td>\n<td style=\"padding: 5px; background-color: white;\">Manufacturing<\/td>\n<\/tr>\n<tr>\n<td style=\"padding: 5px; background-color: white;\">\n<p>CO2 generation<sub>2<\/sub><\/p>\n<\/td>\n<td style=\"padding: 5px; background-color: white;\">Environmental pollution<\/td>\n<td style=\"padding: 5px; background-color: white;\">\n<p>Manufacturing<\/p>\n<\/td>\n<\/tr>\n<tr>\n<td style=\"padding: 5px; background-color: white;\">Consumo de disolventes<\/td>\n<td style=\"padding: 5px; background-color: white;\">Environmental pollution<\/td>\n<td style=\"padding: 5px; background-color: white;\">Laboratorio y limpieza<\/td>\n<\/tr>\n<\/tbody>\n<\/table>\n<p>&nbsp;<\/p>\n<\/figure>\n<p><!-- \/wp:paragraph --><\/p>\t\t\t\t\t\t<\/div>\n\t\t\t\t<\/div>\n\t\t\t\t\t<\/div>\n\t\t<\/div>\n\t\t\t\t\t<\/div>\n\t\t<\/section>\n\t\t\t\t<section class=\"elementor-section elementor-top-section elementor-element elementor-element-d15a71b elementor-section-boxed elementor-section-height-default elementor-section-height-default\" data-id=\"d15a71b\" data-element_type=\"section\">\n\t\t\t\t\t\t<div class=\"elementor-container elementor-column-gap-default\">\n\t\t\t\t\t<div class=\"elementor-column elementor-col-100 elementor-top-column elementor-element elementor-element-31f19ec\" data-id=\"31f19ec\" data-element_type=\"column\">\n\t\t\t<div class=\"elementor-widget-wrap elementor-element-populated\">\n\t\t\t\t\t\t<div class=\"elementor-element elementor-element-ef187a1 elementor-widget elementor-widget-text-editor\" data-id=\"ef187a1\" data-element_type=\"widget\" data-widget_type=\"text-editor.default\">\n\t\t\t\t<div class=\"elementor-widget-container\">\n\t\t\t\t\t\t\t<p><!-- wp:paragraph --><\/p>\n<p style=\"color: black;\">\u00a0<\/p>\n<p><!-- \/wp:paragraph --><!-- wp:paragraph {\"align\":\"center\"} --><\/p>\n<h2 style=\"color: green; text-align: center;\">ASPECTOS E IMPACTOS AMBIENTALES EN CONDICIONES ANORMALES O DE EMERGENCIA<\/h2>\n<p><!-- \/wp:paragraph --><!-- wp:table --><\/p>\n<figure>\n<table style=\"color: black; background-color: black; padding: 0.1px;\">\n<tbody>\n<tr>\n<td style=\"padding: 5px; color: white; background-color: darkgreen;\"><strong>ASPECTOS AMBIENTALES PRINCIPALES<br \/><\/strong><\/td>\n<td style=\"padding: 5px; color: white; background-color: darkgreen;\"><strong>ASSOCIATED ENVIRONMENTAL IMPACT<\/strong><\/td>\n<td style=\"padding: 5px; color: white; background-color: darkgreen;\"><strong>ACTIVITY<\/strong><\/td>\n<\/tr>\n<tr>\n<td style=\"padding: 5px; background-color: white;\">Generaci\u00f3n de Residuos Peligrosos<\/td>\n<td style=\"padding: 5px; background-color: white;\">Soil contamination<\/td>\n<td style=\"padding: 5px; background-color: white;\">Fabricaci\u00f3n defectuosa<\/td>\n<\/tr>\n<tr>\n<td style=\"padding: 5px; background-color: white;\">Vertido de productos qu\u00edmicos peligrosos\/ generaci\u00f3n de adsorbentes contaminados<\/td>\n<td style=\"padding: 5px; background-color: white;\">Contaminaci\u00f3n del suelo y del agua<\/td>\n<td style=\"padding: 5px; background-color: white;\">Rotura de dep\u00f3sitos\/ envases<\/td>\n<\/tr>\n<tr>\n<td style=\"padding: 5px; background-color: white;\">Emisi\u00f3n de polvo de extinci\u00f3n<\/td>\n<td style=\"padding: 5px; background-color: white;\">Environmental pollution<\/td>\n<td style=\"padding: 5px; background-color: white;\">Incendio<\/td>\n<\/tr>\n<tr>\n<td style=\"padding: 5px; background-color: white;\">Emisi\u00f3n de gases de combusti\u00f3n \/ Part\u00edculas<\/td>\n<td style=\"padding: 5px; background-color: white;\">Environmental pollution<\/td>\n<td style=\"padding: 5px; background-color: white;\">Incendio<\/td>\n<\/tr>\n<tr>\n<td style=\"padding: 5px; background-color: white;\">Contaminaci\u00f3n del agua<\/td>\n<td style=\"padding: 5px; background-color: white;\">Contaminaci\u00f3n del agua<\/td>\n<td style=\"padding: 5px; background-color: white;\">Inundaci\u00f3n<\/td>\n<\/tr>\n<\/tbody>\n<\/table>\n<p><span style=\"color: black;\">WE ASSESS ENVIRONMENTAL IMPACTS ANNUALLY BASED ON NATURE, MAGNITUDE AND TOXICITY\/DANGEROUSNESS CRITERIA, AND WE ACT ON ALL ENVIRONMENTAL ASPECTS WITH A HIGH LEVEL OF SIGNIFICANCE WITHIN THE SCALE OF OUR PROCEDURES.<\/span><\/p>\n<\/figure>\n<p><!-- \/wp:paragraph --><\/p>\t\t\t\t\t\t<\/div>\n\t\t\t\t<\/div>\n\t\t\t\t\t<\/div>\n\t\t<\/div>\n\t\t\t\t\t<\/div>\n\t\t<\/section>\n\t\t\t\t<\/div>","protected":false},"excerpt":{"rendered":"<p>Referente a la Norma Internacional ISO 14001 en vigor y dentro del \u00e1mbito de aplicaci\u00f3n del Sistema de gesti\u00f3n Integral, QU\u00cdMICA DE [&hellip;]<\/p>\n","protected":false},"author":6,"featured_media":0,"parent":0,"menu_order":0,"comment_status":"closed","ping_status":"closed","template":"","meta":{"footnotes":""},"yoast_head":"<!-- This site is optimized with the Yoast SEO plugin v24.5 - https:\/\/yoast.com\/wordpress\/plugins\/seo\/ -->\n<title>Comunicaci\u00f3n de Aspectos Ambientales - QDP<\/title>\n<meta name=\"robots\" content=\"index, follow, max-snippet:-1, max-image-preview:large, max-video-preview:-1\" \/>\n<link rel=\"canonical\" href=\"https:\/\/qdp.es\/en\/comunicacion-de-aspectos-ambientales\/\" \/>\n<meta property=\"og:locale\" content=\"en_US\" \/>\n<meta property=\"og:type\" content=\"article\" \/>\n<meta property=\"og:title\" content=\"Comunicaci\u00f3n de Aspectos Ambientales - QDP\" \/>\n<meta property=\"og:description\" content=\"Referente a la Norma Internacional ISO 14001 en vigor y dentro del \u00e1mbito de aplicaci\u00f3n del Sistema de gesti\u00f3n Integral, QU\u00cdMICA DE [&hellip;]\" \/>\n<meta property=\"og:url\" content=\"https:\/\/qdp.es\/en\/comunicacion-de-aspectos-ambientales\/\" \/>\n<meta property=\"og:site_name\" content=\"QDP\" \/>\n<meta property=\"article:publisher\" content=\"https:\/\/www.facebook.com\/profile.php?id=100007790017858\" \/>\n<meta property=\"article:modified_time\" content=\"2024-12-03T09:28:27+00:00\" \/>\n<meta property=\"og:image\" content=\"https:\/\/qdp.es\/wp-content\/uploads\/2020\/06\/logo-quimicas-alargado1_alargado1.png\" \/>\n\t<meta property=\"og:image:width\" content=\"5150\" \/>\n\t<meta property=\"og:image:height\" content=\"1867\" \/>\n\t<meta property=\"og:image:type\" content=\"image\/png\" \/>\n<meta name=\"twitter:card\" content=\"summary_large_image\" \/>\n<meta name=\"twitter:label1\" content=\"Est. reading time\" \/>\n\t<meta name=\"twitter:data1\" content=\"2 minutes\" \/>\n<script type=\"application\/ld+json\" class=\"yoast-schema-graph\">{\"@context\":\"https:\/\/schema.org\",\"@graph\":[{\"@type\":\"WebPage\",\"@id\":\"https:\/\/qdp.es\/comunicacion-de-aspectos-ambientales\/\",\"url\":\"https:\/\/qdp.es\/comunicacion-de-aspectos-ambientales\/\",\"name\":\"Comunicaci\u00f3n de Aspectos Ambientales - QDP\",\"isPartOf\":{\"@id\":\"https:\/\/qdp.es\/#website\"},\"datePublished\":\"2023-11-23T15:06:33+00:00\",\"dateModified\":\"2024-12-03T09:28:27+00:00\",\"breadcrumb\":{\"@id\":\"https:\/\/qdp.es\/comunicacion-de-aspectos-ambientales\/#breadcrumb\"},\"inLanguage\":\"en-US\",\"potentialAction\":[{\"@type\":\"ReadAction\",\"target\":[\"https:\/\/qdp.es\/comunicacion-de-aspectos-ambientales\/\"]}]},{\"@type\":\"BreadcrumbList\",\"@id\":\"https:\/\/qdp.es\/comunicacion-de-aspectos-ambientales\/#breadcrumb\",\"itemListElement\":[{\"@type\":\"ListItem\",\"position\":1,\"name\":\"Portada\",\"item\":\"https:\/\/qdp.es\/\"},{\"@type\":\"ListItem\",\"position\":2,\"name\":\"Comunicaci\u00f3n de Aspectos Ambientales\"}]},{\"@type\":\"WebSite\",\"@id\":\"https:\/\/qdp.es\/#website\",\"url\":\"https:\/\/qdp.es\/\",\"name\":\"QDP\",\"description\":\"Qu\u00edmica de los pavimentos\",\"publisher\":{\"@id\":\"https:\/\/qdp.es\/#organization\"},\"potentialAction\":[{\"@type\":\"SearchAction\",\"target\":{\"@type\":\"EntryPoint\",\"urlTemplate\":\"https:\/\/qdp.es\/?s={search_term_string}\"},\"query-input\":{\"@type\":\"PropertyValueSpecification\",\"valueRequired\":true,\"valueName\":\"search_term_string\"}}],\"inLanguage\":\"en-US\"},{\"@type\":\"Organization\",\"@id\":\"https:\/\/qdp.es\/#organization\",\"name\":\"Qu\u00edmica de los Pavimentos SA\",\"url\":\"https:\/\/qdp.es\/\",\"logo\":{\"@type\":\"ImageObject\",\"inLanguage\":\"en-US\",\"@id\":\"https:\/\/qdp.es\/#\/schema\/logo\/image\/\",\"url\":\"https:\/\/qdp.es\/wp-content\/uploads\/2020\/06\/cropped-imagotipo-quimicas_Mesa-de-trabajo-3_Mesa-de-trabajo-3.png\",\"contentUrl\":\"https:\/\/qdp.es\/wp-content\/uploads\/2020\/06\/cropped-imagotipo-quimicas_Mesa-de-trabajo-3_Mesa-de-trabajo-3.png\",\"width\":512,\"height\":512,\"caption\":\"Qu\u00edmica de los Pavimentos SA\"},\"image\":{\"@id\":\"https:\/\/qdp.es\/#\/schema\/logo\/image\/\"},\"sameAs\":[\"https:\/\/www.facebook.com\/profile.php?id=100007790017858\",\"https:\/\/www.linkedin.com\/company\/quimica-de-los-pavimentos\/about\/\"]}]}<\/script>\n<!-- \/ Yoast SEO plugin. -->","yoast_head_json":{"title":"Comunicaci\u00f3n de Aspectos Ambientales - QDP","robots":{"index":"index","follow":"follow","max-snippet":"max-snippet:-1","max-image-preview":"max-image-preview:large","max-video-preview":"max-video-preview:-1"},"canonical":"https:\/\/qdp.es\/en\/comunicacion-de-aspectos-ambientales\/","og_locale":"en_US","og_type":"article","og_title":"Comunicaci\u00f3n de Aspectos Ambientales - QDP","og_description":"Referente a la Norma Internacional ISO 14001 en vigor y dentro del \u00e1mbito de aplicaci\u00f3n del Sistema de gesti\u00f3n Integral, QU\u00cdMICA DE [&hellip;]","og_url":"https:\/\/qdp.es\/en\/comunicacion-de-aspectos-ambientales\/","og_site_name":"QDP","article_publisher":"https:\/\/www.facebook.com\/profile.php?id=100007790017858","article_modified_time":"2024-12-03T09:28:27+00:00","og_image":[{"width":5150,"height":1867,"url":"https:\/\/qdp.es\/wp-content\/uploads\/2020\/06\/logo-quimicas-alargado1_alargado1.png","type":"image\/png"}],"twitter_card":"summary_large_image","twitter_misc":{"Est. reading time":"2 minutes"},"schema":{"@context":"https:\/\/schema.org","@graph":[{"@type":"WebPage","@id":"https:\/\/qdp.es\/comunicacion-de-aspectos-ambientales\/","url":"https:\/\/qdp.es\/comunicacion-de-aspectos-ambientales\/","name":"Comunicaci\u00f3n de Aspectos Ambientales - QDP","isPartOf":{"@id":"https:\/\/qdp.es\/#website"},"datePublished":"2023-11-23T15:06:33+00:00","dateModified":"2024-12-03T09:28:27+00:00","breadcrumb":{"@id":"https:\/\/qdp.es\/comunicacion-de-aspectos-ambientales\/#breadcrumb"},"inLanguage":"en-US","potentialAction":[{"@type":"ReadAction","target":["https:\/\/qdp.es\/comunicacion-de-aspectos-ambientales\/"]}]},{"@type":"BreadcrumbList","@id":"https:\/\/qdp.es\/comunicacion-de-aspectos-ambientales\/#breadcrumb","itemListElement":[{"@type":"ListItem","position":1,"name":"Portada","item":"https:\/\/qdp.es\/"},{"@type":"ListItem","position":2,"name":"Comunicaci\u00f3n de Aspectos Ambientales"}]},{"@type":"WebSite","@id":"https:\/\/qdp.es\/#website","url":"https:\/\/qdp.es\/","name":"QDP","description":"Qu\u00edmica de los pavimentos","publisher":{"@id":"https:\/\/qdp.es\/#organization"},"potentialAction":[{"@type":"SearchAction","target":{"@type":"EntryPoint","urlTemplate":"https:\/\/qdp.es\/?s={search_term_string}"},"query-input":{"@type":"PropertyValueSpecification","valueRequired":true,"valueName":"search_term_string"}}],"inLanguage":"en-US"},{"@type":"Organization","@id":"https:\/\/qdp.es\/#organization","name":"Qu\u00edmica de los Pavimentos SA","url":"https:\/\/qdp.es\/","logo":{"@type":"ImageObject","inLanguage":"en-US","@id":"https:\/\/qdp.es\/#\/schema\/logo\/image\/","url":"https:\/\/qdp.es\/wp-content\/uploads\/2020\/06\/cropped-imagotipo-quimicas_Mesa-de-trabajo-3_Mesa-de-trabajo-3.png","contentUrl":"https:\/\/qdp.es\/wp-content\/uploads\/2020\/06\/cropped-imagotipo-quimicas_Mesa-de-trabajo-3_Mesa-de-trabajo-3.png","width":512,"height":512,"caption":"Qu\u00edmica de los Pavimentos SA"},"image":{"@id":"https:\/\/qdp.es\/#\/schema\/logo\/image\/"},"sameAs":["https:\/\/www.facebook.com\/profile.php?id=100007790017858","https:\/\/www.linkedin.com\/company\/quimica-de-los-pavimentos\/about\/"]}]}},"_links":{"self":[{"href":"https:\/\/qdp.es\/en\/wp-json\/wp\/v2\/pages\/2919"}],"collection":[{"href":"https:\/\/qdp.es\/en\/wp-json\/wp\/v2\/pages"}],"about":[{"href":"https:\/\/qdp.es\/en\/wp-json\/wp\/v2\/types\/page"}],"author":[{"embeddable":true,"href":"https:\/\/qdp.es\/en\/wp-json\/wp\/v2\/users\/6"}],"replies":[{"embeddable":true,"href":"https:\/\/qdp.es\/en\/wp-json\/wp\/v2\/comments?post=2919"}],"version-history":[{"count":43,"href":"https:\/\/qdp.es\/en\/wp-json\/wp\/v2\/pages\/2919\/revisions"}],"predecessor-version":[{"id":3395,"href":"https:\/\/qdp.es\/en\/wp-json\/wp\/v2\/pages\/2919\/revisions\/3395"}],"wp:attachment":[{"href":"https:\/\/qdp.es\/en\/wp-json\/wp\/v2\/media?parent=2919"}],"curies":[{"name":"wp","href":"https:\/\/api.w.org\/{rel}","templated":true}]}}